{"id":1332,"date":"2022-10-10T00:19:02","date_gmt":"2022-10-09T16:19:02","guid":{"rendered":"https:\/\/longweielec.com\/?post_type=product&#038;p=1332"},"modified":"2025-07-19T22:11:07","modified_gmt":"2025-07-19T14:11:07","slug":"lw-2512b","status":"publish","type":"product","link":"https:\/\/longweielec.com\/pt\/product\/lw-2512b","title":{"rendered":"LW-2512B Micro Ohm\u00edmetro CC inteligente de 1\u00b5\u03a9-200k\u03a9"},"content":{"rendered":"","protected":false},"excerpt":{"rendered":"<ul>\n<li><strong>Ampla faixa de resist\u00eancia<\/strong>: Mede de 1\u00b5\u03a9 a 20KM\u03a9 em seis faixas selecion\u00e1veis.<\/li>\n<li><strong>Velocidade de teste vari\u00e1vel<\/strong>: Escolha entre os modos lento (5 leituras\/seg.) e r\u00e1pido (10 leituras\/seg.).<\/li>\n<li><strong>Alta precis\u00e3o de medi\u00e7\u00e3o<\/strong>: Oferece precis\u00e3o de 0,02% \u00b1 2 d\u00edgitos para resultados confi\u00e1veis.<\/li>\n<li><strong>Op\u00e7\u00f5es de tela dupla<\/strong>: Visualize as medi\u00e7\u00f5es em formato de resist\u00eancia ou porcentagem.<\/li>\n<li><strong>Funcionalidade de classifica\u00e7\u00e3o<\/strong>: Categoriza os resultados como LOW (baixo), PASS (aprovado) ou HIGH (alto) para facilitar a interpreta\u00e7\u00e3o.<\/li>\n<li><strong>M\u00e9todos de compara\u00e7\u00e3o flex\u00edveis<\/strong>: Compare usando valores de resist\u00eancia ou diferen\u00e7as percentuais.<\/li>\n<li><strong>Funcionalidade de zeragem direta<\/strong>: Recurso de reinicializa\u00e7\u00e3o f\u00e1cil do painel para ajustes r\u00e1pidos.<\/li>\n<li><strong>Op\u00e7\u00f5es de interface de comunica\u00e7\u00e3o<\/strong>: Inclui interface de classifica\u00e7\u00e3o com comunica\u00e7\u00e3o RS-232 opcional.<\/li>\n<li><strong>Controles de toque responsivos<\/strong>: Possui bot\u00f5es sens\u00edveis ao calor para uma opera\u00e7\u00e3o r\u00e1pida e f\u00e1cil.<\/li>\n<\/ul>","protected":false},"featured_media":1335,"template":"","meta":[],"product_brand":[],"product_cat":[31],"product_tag":[100],"class_list":{"0":"post-1332","1":"product","2":"type-product","3":"status-publish","4":"has-post-thumbnail","6":"product_cat-safety-tester","7":"product_tag-resistance-tester","9":"first","10":"instock","11":"shipping-taxable","12":"purchasable","13":"product-type-variable","14":"has-default-attributes"},"_links":{"self":[{"href":"https:\/\/longweielec.com\/pt\/wp-json\/wp\/v2\/product\/1332","targetHints":{"allow":["GET"]}}],"collection":[{"href":"https:\/\/longweielec.com\/pt\/wp-json\/wp\/v2\/product"}],"about":[{"href":"https:\/\/longweielec.com\/pt\/wp-json\/wp\/v2\/types\/product"}],"wp:featuredmedia":[{"embeddable":true,"href":"https:\/\/longweielec.com\/pt\/wp-json\/wp\/v2\/media\/1335"}],"wp:attachment":[{"href":"https:\/\/longweielec.com\/pt\/wp-json\/wp\/v2\/media?parent=1332"}],"wp:term":[{"taxonomy":"product_brand","embeddable":true,"href":"https:\/\/longweielec.com\/pt\/wp-json\/wp\/v2\/product_brand?post=1332"},{"taxonomy":"product_cat","embeddable":true,"href":"https:\/\/longweielec.com\/pt\/wp-json\/wp\/v2\/product_cat?post=1332"},{"taxonomy":"product_tag","embeddable":true,"href":"https:\/\/longweielec.com\/pt\/wp-json\/wp\/v2\/product_tag?post=1332"}],"curies":[{"name":"wp","href":"https:\/\/api.w.org\/{rel}","templated":true}]}}