{"id":1337,"date":"2022-10-10T11:52:54","date_gmt":"2022-10-10T03:52:54","guid":{"rendered":"https:\/\/longweielec.com\/?post_type=product&#038;p=1337"},"modified":"2025-07-19T22:11:03","modified_gmt":"2025-07-19T14:11:03","slug":"lw-7142","status":"publish","type":"product","link":"https:\/\/longweielec.com\/pt\/product\/lw-7142","title":{"rendered":"LW-7142 Testador de isolamento AC5KV DC6KV IR1KV program\u00e1vel de precis\u00e3o AC\/DC Hipot"},"content":{"rendered":"","protected":false},"excerpt":{"rendered":"<ul>\n<li><strong>Compacto e leve<\/strong>: Tamanho ultrapequeno e design leve para facilitar o transporte.<\/li>\n<li><strong>Opera\u00e7\u00e3o amig\u00e1vel ao usu\u00e1rio<\/strong>: Simples de usar com um recurso de bloqueio de teclado para maior seguran\u00e7a.<\/li>\n<li><strong>Configura\u00e7\u00f5es de mem\u00f3ria<\/strong>: Armazena at\u00e9 10 conjuntos de configura\u00e7\u00f5es, cada um com 4 modos de trabalho e 3 etapas.<\/li>\n<li><strong>Exibi\u00e7\u00e3o clara<\/strong>: LCD de matriz de pontos 128\u00d764 para facilitar a visualiza\u00e7\u00e3o do status e dos resultados do teste.<\/li>\n<li><strong>Aumento gradual da tens\u00e3o<\/strong>: A tens\u00e3o aumenta em um gradiente de tempo para an\u00e1lise em tempo real dos pontos de ruptura.<\/li>\n<li><strong>Recursos de seguran\u00e7a<\/strong>: Equipado com prote\u00e7\u00e3o de isolamento abrangente para a seguran\u00e7a do usu\u00e1rio.<\/li>\n<li><strong>Limites de corrente ajust\u00e1veis<\/strong>: Defina os limites superior e inferior de corrente com notifica\u00e7\u00f5es inteligentes de alarme.<\/li>\n<li><strong>Detec\u00e7\u00e3o de arco<\/strong>: Detecta arcos voltaicos com 9 n\u00edveis ajust\u00e1veis para um monitoramento de seguran\u00e7a aprimorado.<\/li>\n<li><strong>Interface de controle remoto<\/strong>: Inclui uma interface de controle PLC dispon\u00edvel como um recurso opcional.<\/li>\n<\/ul>","protected":false},"featured_media":1340,"template":"","meta":[],"product_brand":[],"product_cat":[31],"product_tag":[99],"class_list":{"0":"post-1337","1":"product","2":"type-product","3":"status-publish","4":"has-post-thumbnail","6":"product_cat-safety-tester","7":"product_tag-hipot-tester","9":"first","10":"instock","11":"shipping-taxable","12":"purchasable","13":"product-type-variable","14":"has-default-attributes"},"_links":{"self":[{"href":"https:\/\/longweielec.com\/pt\/wp-json\/wp\/v2\/product\/1337","targetHints":{"allow":["GET"]}}],"collection":[{"href":"https:\/\/longweielec.com\/pt\/wp-json\/wp\/v2\/product"}],"about":[{"href":"https:\/\/longweielec.com\/pt\/wp-json\/wp\/v2\/types\/product"}],"wp:featuredmedia":[{"embeddable":true,"href":"https:\/\/longweielec.com\/pt\/wp-json\/wp\/v2\/media\/1340"}],"wp:attachment":[{"href":"https:\/\/longweielec.com\/pt\/wp-json\/wp\/v2\/media?parent=1337"}],"wp:term":[{"taxonomy":"product_brand","embeddable":true,"href":"https:\/\/longweielec.com\/pt\/wp-json\/wp\/v2\/product_brand?post=1337"},{"taxonomy":"product_cat","embeddable":true,"href":"https:\/\/longweielec.com\/pt\/wp-json\/wp\/v2\/product_cat?post=1337"},{"taxonomy":"product_tag","embeddable":true,"href":"https:\/\/longweielec.com\/pt\/wp-json\/wp\/v2\/product_tag?post=1337"}],"curies":[{"name":"wp","href":"https:\/\/api.w.org\/{rel}","templated":true}]}}