{"id":1343,"date":"2022-10-10T22:05:54","date_gmt":"2022-10-10T14:05:54","guid":{"rendered":"https:\/\/longweielec.com\/?post_type=product&#038;p=1343"},"modified":"2025-07-19T22:11:07","modified_gmt":"2025-07-19T14:11:07","slug":"lw-2100","status":"publish","type":"product","link":"https:\/\/longweielec.com\/pt\/product\/lw-2100","title":{"rendered":"Testador de plugue de fio LW-2100"},"content":{"rendered":"","protected":false},"excerpt":{"rendered":"<ul>\n<li><strong>Testes r\u00e1pidos<\/strong>: Velocidades de teste r\u00e1pidas para resultados eficientes e oportunos.<\/li>\n<li><strong>Tela intuitiva<\/strong>: Indicadores claros para uma avalia\u00e7\u00e3o direta dos resultados dos testes.<\/li>\n<li><strong>F\u00e1cil de usar<\/strong>: Opera\u00e7\u00e3o simplificada para uso pr\u00e1tico e sem complica\u00e7\u00f5es.<\/li>\n<li><strong>Fun\u00e7\u00f5es de teste abrangentes<\/strong>: Testes de curtos-circuitos, circuitos abertos, isolamento e comprimento do fio.<\/li>\n<\/ul>","protected":false},"featured_media":1346,"template":"","meta":[],"product_brand":[],"product_cat":[31],"product_tag":[101],"class_list":{"0":"post-1343","1":"product","2":"type-product","3":"status-publish","4":"has-post-thumbnail","6":"product_cat-safety-tester","7":"product_tag-cable-tester","9":"first","10":"instock","11":"shipping-taxable","12":"purchasable","13":"product-type-variable","14":"has-default-attributes"},"_links":{"self":[{"href":"https:\/\/longweielec.com\/pt\/wp-json\/wp\/v2\/product\/1343","targetHints":{"allow":["GET"]}}],"collection":[{"href":"https:\/\/longweielec.com\/pt\/wp-json\/wp\/v2\/product"}],"about":[{"href":"https:\/\/longweielec.com\/pt\/wp-json\/wp\/v2\/types\/product"}],"wp:featuredmedia":[{"embeddable":true,"href":"https:\/\/longweielec.com\/pt\/wp-json\/wp\/v2\/media\/1346"}],"wp:attachment":[{"href":"https:\/\/longweielec.com\/pt\/wp-json\/wp\/v2\/media?parent=1343"}],"wp:term":[{"taxonomy":"product_brand","embeddable":true,"href":"https:\/\/longweielec.com\/pt\/wp-json\/wp\/v2\/product_brand?post=1343"},{"taxonomy":"product_cat","embeddable":true,"href":"https:\/\/longweielec.com\/pt\/wp-json\/wp\/v2\/product_cat?post=1343"},{"taxonomy":"product_tag","embeddable":true,"href":"https:\/\/longweielec.com\/pt\/wp-json\/wp\/v2\/product_tag?post=1343"}],"curies":[{"name":"wp","href":"https:\/\/api.w.org\/{rel}","templated":true}]}}