{"id":1365,"date":"2022-10-11T21:44:58","date_gmt":"2022-10-11T13:44:58","guid":{"rendered":"https:\/\/longweielec.com\/?post_type=product&#038;p=1365"},"modified":"2025-07-19T22:11:08","modified_gmt":"2025-07-19T14:11:08","slug":"lw-2811c","status":"publish","type":"product","link":"https:\/\/longweielec.com\/pt\/product\/lw-2811c","title":{"rendered":"Medidor de LCR de 10kHz"},"content":{"rendered":"","protected":false},"excerpt":{"rendered":"<ul>\n<li>Baseado em um \u00fanico microprocessador, usando t\u00e9cnicas avan\u00e7adas de 5 portas e erros corrigidos por microprocessador.<\/li>\n<li>Prote\u00e7\u00e3o contra impactos, faixa de travamento e fun\u00e7\u00e3o de zeragem espec\u00edfica.<\/li>\n<li>F\u00e1cil opera\u00e7\u00e3o, alta estabilidade, adequado para testar o campo de produ\u00e7\u00e3o.<\/li>\n<\/ul>","protected":false},"featured_media":1368,"template":"","meta":[],"product_brand":[],"product_cat":[23],"product_tag":[102],"class_list":{"0":"post-1365","1":"product","2":"type-product","3":"status-publish","4":"has-post-thumbnail","6":"product_cat-uncategorized","7":"product_tag-lcr-meter","9":"first","10":"instock","11":"shipping-taxable","12":"purchasable","13":"product-type-variable","14":"has-default-attributes"},"_links":{"self":[{"href":"https:\/\/longweielec.com\/pt\/wp-json\/wp\/v2\/product\/1365","targetHints":{"allow":["GET"]}}],"collection":[{"href":"https:\/\/longweielec.com\/pt\/wp-json\/wp\/v2\/product"}],"about":[{"href":"https:\/\/longweielec.com\/pt\/wp-json\/wp\/v2\/types\/product"}],"wp:featuredmedia":[{"embeddable":true,"href":"https:\/\/longweielec.com\/pt\/wp-json\/wp\/v2\/media\/1368"}],"wp:attachment":[{"href":"https:\/\/longweielec.com\/pt\/wp-json\/wp\/v2\/media?parent=1365"}],"wp:term":[{"taxonomy":"product_brand","embeddable":true,"href":"https:\/\/longweielec.com\/pt\/wp-json\/wp\/v2\/product_brand?post=1365"},{"taxonomy":"product_cat","embeddable":true,"href":"https:\/\/longweielec.com\/pt\/wp-json\/wp\/v2\/product_cat?post=1365"},{"taxonomy":"product_tag","embeddable":true,"href":"https:\/\/longweielec.com\/pt\/wp-json\/wp\/v2\/product_tag?post=1365"}],"curies":[{"name":"wp","href":"https:\/\/api.w.org\/{rel}","templated":true}]}}