{"id":3012,"date":"2024-11-29T12:05:47","date_gmt":"2024-11-29T04:05:47","guid":{"rendered":"https:\/\/longweielec.com\/?post_type=product&#038;p=3012"},"modified":"2025-07-19T22:17:06","modified_gmt":"2025-07-19T14:17:06","slug":"lw-858d","status":"publish","type":"product","link":"https:\/\/longweielec.com\/pt\/product\/lw-858d","title":{"rendered":"LW-858D+ Esta\u00e7\u00e3o de dessoldagem de ar quente ESD sem chumbo atualizada"},"content":{"rendered":"","protected":false},"excerpt":{"rendered":"<ul>\n<li class=\"translation-block\"><strong>Monitor digital LED<\/strong>: defina e monitore facilmente os par\u00e2metros com um display digital LED n\u00edtido.<\/li>\n<li class=\"translation-block\"><strong>Sensor de suspens\u00e3o embutido<\/strong>: a al\u00e7a ergonomicamente projetada possui um modo de suspens\u00e3o para economizar energia quando n\u00e3o estiver em uso.<\/li>\n<li class=\"translation-block\"><strong>Controle de temperatura por software<\/strong>: A compensa\u00e7\u00e3o autom\u00e1tica de temperatura garante uma opera\u00e7\u00e3o est\u00e1vel e um desempenho de aquecimento consistente.<\/li>\n<li class=\"translation-block\"><strong>Controle de fluxo de ar ajust\u00e1vel<\/strong>: O bot\u00e3o girat\u00f3rio permite ajustes precisos do fluxo de ar, exibidos digitalmente para maior precis\u00e3o.<\/li>\n<li class=\"translation-block\"><strong>Configura\u00e7\u00f5es de temperatura f\u00e1ceis de usar<\/strong>: tr\u00eas bot\u00f5es program\u00e1veis permitem um ajuste r\u00e1pido da temperatura e f\u00e1cil acesso \u00e0s predefini\u00e7\u00f5es.<\/li>\n<li class=\"translation-block\"><strong>Fun\u00e7\u00e3o exclusiva Cool Air<\/strong>: recurso inovador para resfriamento r\u00e1pido de componentes dessoldados, aumentando a efici\u00eancia.<\/li>\n<\/ul>","protected":false},"featured_media":3015,"template":"","meta":[],"product_brand":[],"product_cat":[34],"product_tag":[106],"class_list":{"0":"post-3012","1":"product","2":"type-product","3":"status-publish","4":"has-post-thumbnail","6":"product_cat-soldering-station","7":"product_tag-soldering-station","9":"first","10":"instock","11":"shipping-taxable","12":"purchasable","13":"product-type-variable","14":"has-default-attributes"},"_links":{"self":[{"href":"https:\/\/longweielec.com\/pt\/wp-json\/wp\/v2\/product\/3012","targetHints":{"allow":["GET"]}}],"collection":[{"href":"https:\/\/longweielec.com\/pt\/wp-json\/wp\/v2\/product"}],"about":[{"href":"https:\/\/longweielec.com\/pt\/wp-json\/wp\/v2\/types\/product"}],"wp:featuredmedia":[{"embeddable":true,"href":"https:\/\/longweielec.com\/pt\/wp-json\/wp\/v2\/media\/3015"}],"wp:attachment":[{"href":"https:\/\/longweielec.com\/pt\/wp-json\/wp\/v2\/media?parent=3012"}],"wp:term":[{"taxonomy":"product_brand","embeddable":true,"href":"https:\/\/longweielec.com\/pt\/wp-json\/wp\/v2\/product_brand?post=3012"},{"taxonomy":"product_cat","embeddable":true,"href":"https:\/\/longweielec.com\/pt\/wp-json\/wp\/v2\/product_cat?post=3012"},{"taxonomy":"product_tag","embeddable":true,"href":"https:\/\/longweielec.com\/pt\/wp-json\/wp\/v2\/product_tag?post=3012"}],"curies":[{"name":"wp","href":"https:\/\/api.w.org\/{rel}","templated":true}]}}