{"id":318,"date":"2022-09-01T00:30:19","date_gmt":"2022-08-31T16:30:19","guid":{"rendered":"https:\/\/longweielec.com\/?post_type=product&#038;p=318"},"modified":"2025-07-19T22:14:07","modified_gmt":"2025-07-19T14:14:07","slug":"ps-302d","status":"publish","type":"product","link":"https:\/\/longweielec.com\/pt\/product\/ps-302d","title":{"rendered":"Fonte de alimenta\u00e7\u00e3o CC de bancada PS-302D 30V 2A"},"content":{"rendered":"<div data-elementor-type=\"section\" data-elementor-id=\"336\" class=\"elementor elementor-336\" data-elementor-post-type=\"elementor_library\">\n\t\t\t\t\t<section class=\"elementor-section elementor-top-section elementor-element elementor-element-c0455b6 elementor-section-full_width elementor-section-height-default elementor-section-height-default\" data-id=\"c0455b6\" data-element_type=\"section\">\n\t\t\t\t\t\t<div class=\"elementor-container elementor-column-gap-no\">\n\t\t\t\t\t<div class=\"elementor-column elementor-col-100 elementor-top-column elementor-element elementor-element-e48efc6\" data-id=\"e48efc6\" data-element_type=\"column\">\n\t\t\t<div class=\"elementor-widget-wrap elementor-element-populated\">\n\t\t\t\t\t\t<div class=\"elementor-element elementor-element-f7e5164 elementor-widget elementor-widget-image\" data-id=\"f7e5164\" data-element_type=\"widget\" data-widget_type=\"image.default\">\n\t\t\t\t\t\t\t\t\t\t\t\t\t\t\t<img fetchpriority=\"high\" decoding=\"async\" width=\"800\" height=\"658\" src=\"https:\/\/longweielec.com\/wp-content\/uploads\/2022\/09\/1662047212-ps-series-description-picture-1.jpg\" class=\"attachment-large size-large wp-image-337\" alt=\"\" srcset=\"\/\/longweielec.com\/wp-content\/uploads\/2022\/09\/1662047212-ps-series-description-picture-1.jpg 800w, \/\/longweielec.com\/wp-content\/uploads\/2022\/09\/1662047212-ps-series-description-picture-1-600x494.jpg 600w, \/\/longweielec.com\/wp-content\/uploads\/2022\/09\/1662047212-ps-series-description-picture-1-300x247.jpg 300w, \/\/longweielec.com\/wp-content\/uploads\/2022\/09\/1662047212-ps-series-description-picture-1-768x632.jpg 768w\" sizes=\"(max-width: 800px) 100vw, 800px\" \/>\t\t\t\t\t\t\t\t\t\t\t\t\t\t\t<\/div>\n\t\t\t\t<div class=\"elementor-element elementor-element-5e8b17b elementor-widget elementor-widget-image\" data-id=\"5e8b17b\" data-element_type=\"widget\" data-widget_type=\"image.default\">\n\t\t\t\t\t\t\t\t\t\t\t\t\t\t\t<img decoding=\"async\" width=\"800\" height=\"800\" src=\"https:\/\/longweielec.com\/wp-content\/uploads\/2022\/09\/1662047313-ps-series-description-picture-2.jpg\" class=\"attachment-large size-large wp-image-338\" alt=\"\" srcset=\"\/\/longweielec.com\/wp-content\/uploads\/2022\/09\/1662047313-ps-series-description-picture-2.jpg 800w, \/\/longweielec.com\/wp-content\/uploads\/2022\/09\/1662047313-ps-series-description-picture-2-300x300.jpg 300w, \/\/longweielec.com\/wp-content\/uploads\/2022\/09\/1662047313-ps-series-description-picture-2-100x100.jpg 100w, \/\/longweielec.com\/wp-content\/uploads\/2022\/09\/1662047313-ps-series-description-picture-2-600x600.jpg 600w, \/\/longweielec.com\/wp-content\/uploads\/2022\/09\/1662047313-ps-series-description-picture-2-150x150.jpg 150w, \/\/longweielec.com\/wp-content\/uploads\/2022\/09\/1662047313-ps-series-description-picture-2-768x768.jpg 768w\" sizes=\"(max-width: 800px) 100vw, 800px\" \/>\t\t\t\t\t\t\t\t\t\t\t\t\t\t\t<\/div>\n\t\t\t\t<div class=\"elementor-element elementor-element-a37a95a elementor-widget elementor-widget-image\" data-id=\"a37a95a\" data-element_type=\"widget\" data-widget_type=\"image.default\">\n\t\t\t\t\t\t\t\t\t\t\t\t\t\t\t<img decoding=\"async\" width=\"800\" height=\"800\" src=\"https:\/\/longweielec.com\/wp-content\/uploads\/2022\/09\/1662047336-ps-series-description-picture-3.jpg\" class=\"attachment-large size-large wp-image-339\" alt=\"\" srcset=\"\/\/longweielec.com\/wp-content\/uploads\/2022\/09\/1662047336-ps-series-description-picture-3.jpg 800w, \/\/longweielec.com\/wp-content\/uploads\/2022\/09\/1662047336-ps-series-description-picture-3-300x300.jpg 300w, \/\/longweielec.com\/wp-content\/uploads\/2022\/09\/1662047336-ps-series-description-picture-3-100x100.jpg 100w, \/\/longweielec.com\/wp-content\/uploads\/2022\/09\/1662047336-ps-series-description-picture-3-600x600.jpg 600w, \/\/longweielec.com\/wp-content\/uploads\/2022\/09\/1662047336-ps-series-description-picture-3-150x150.jpg 150w, \/\/longweielec.com\/wp-content\/uploads\/2022\/09\/1662047336-ps-series-description-picture-3-768x768.jpg 768w\" sizes=\"(max-width: 800px) 100vw, 800px\" \/>\t\t\t\t\t\t\t\t\t\t\t\t\t\t\t<\/div>\n\t\t\t\t<div class=\"elementor-element elementor-element-5a36ddd elementor-widget elementor-widget-image\" data-id=\"5a36ddd\" data-element_type=\"widget\" data-widget_type=\"image.default\">\n\t\t\t\t\t\t\t\t\t\t\t\t\t\t\t<img loading=\"lazy\" decoding=\"async\" width=\"800\" height=\"800\" src=\"https:\/\/longweielec.com\/wp-content\/uploads\/2022\/09\/1662047372-ps-series-description-picture-4.jpg\" class=\"attachment-large size-large wp-image-340\" alt=\"\" srcset=\"\/\/longweielec.com\/wp-content\/uploads\/2022\/09\/1662047372-ps-series-description-picture-4.jpg 800w, \/\/longweielec.com\/wp-content\/uploads\/2022\/09\/1662047372-ps-series-description-picture-4-300x300.jpg 300w, \/\/longweielec.com\/wp-content\/uploads\/2022\/09\/1662047372-ps-series-description-picture-4-100x100.jpg 100w, \/\/longweielec.com\/wp-content\/uploads\/2022\/09\/1662047372-ps-series-description-picture-4-600x600.jpg 600w, \/\/longweielec.com\/wp-content\/uploads\/2022\/09\/1662047372-ps-series-description-picture-4-150x150.jpg 150w, \/\/longweielec.com\/wp-content\/uploads\/2022\/09\/1662047372-ps-series-description-picture-4-768x768.jpg 768w\" sizes=\"(max-width: 800px) 100vw, 800px\" \/>\t\t\t\t\t\t\t\t\t\t\t\t\t\t\t<\/div>\n\t\t\t\t<div class=\"elementor-element elementor-element-cbe1ab6 elementor-widget elementor-widget-image\" data-id=\"cbe1ab6\" data-element_type=\"widget\" data-widget_type=\"image.default\">\n\t\t\t\t\t\t\t\t\t\t\t\t\t\t\t<img loading=\"lazy\" decoding=\"async\" width=\"800\" height=\"800\" src=\"https:\/\/longweielec.com\/wp-content\/uploads\/2022\/09\/1662047394-ps-series-description-picture-5.jpg\" class=\"attachment-large size-large wp-image-341\" alt=\"\" srcset=\"\/\/longweielec.com\/wp-content\/uploads\/2022\/09\/1662047394-ps-series-description-picture-5.jpg 800w, \/\/longweielec.com\/wp-content\/uploads\/2022\/09\/1662047394-ps-series-description-picture-5-300x300.jpg 300w, \/\/longweielec.com\/wp-content\/uploads\/2022\/09\/1662047394-ps-series-description-picture-5-100x100.jpg 100w, \/\/longweielec.com\/wp-content\/uploads\/2022\/09\/1662047394-ps-series-description-picture-5-600x600.jpg 600w, \/\/longweielec.com\/wp-content\/uploads\/2022\/09\/1662047394-ps-series-description-picture-5-150x150.jpg 150w, \/\/longweielec.com\/wp-content\/uploads\/2022\/09\/1662047394-ps-series-description-picture-5-768x768.jpg 768w\" sizes=\"(max-width: 800px) 100vw, 800px\" \/>\t\t\t\t\t\t\t\t\t\t\t\t\t\t\t<\/div>\n\t\t\t\t<div class=\"elementor-element elementor-element-e91c7d6 elementor-widget elementor-widget-image\" data-id=\"e91c7d6\" data-element_type=\"widget\" data-widget_type=\"image.default\">\n\t\t\t\t\t\t\t\t\t\t\t\t\t\t\t<img loading=\"lazy\" decoding=\"async\" width=\"800\" height=\"800\" src=\"https:\/\/longweielec.com\/wp-content\/uploads\/2022\/09\/1662047412-ps-series-description-picture-6.jpg\" class=\"attachment-large size-large wp-image-342\" alt=\"\" srcset=\"\/\/longweielec.com\/wp-content\/uploads\/2022\/09\/1662047412-ps-series-description-picture-6.jpg 800w, \/\/longweielec.com\/wp-content\/uploads\/2022\/09\/1662047412-ps-series-description-picture-6-300x300.jpg 300w, \/\/longweielec.com\/wp-content\/uploads\/2022\/09\/1662047412-ps-series-description-picture-6-100x100.jpg 100w, \/\/longweielec.com\/wp-content\/uploads\/2022\/09\/1662047412-ps-series-description-picture-6-600x600.jpg 600w, \/\/longweielec.com\/wp-content\/uploads\/2022\/09\/1662047412-ps-series-description-picture-6-150x150.jpg 150w, \/\/longweielec.com\/wp-content\/uploads\/2022\/09\/1662047412-ps-series-description-picture-6-768x768.jpg 768w\" sizes=\"(max-width: 800px) 100vw, 800px\" \/>\t\t\t\t\t\t\t\t\t\t\t\t\t\t\t<\/div>\n\t\t\t\t<div class=\"elementor-element elementor-element-fc5fc85 elementor-widget elementor-widget-image\" data-id=\"fc5fc85\" data-element_type=\"widget\" data-widget_type=\"image.default\">\n\t\t\t\t\t\t\t\t\t\t\t\t\t\t\t<img loading=\"lazy\" decoding=\"async\" width=\"800\" height=\"800\" src=\"https:\/\/longweielec.com\/wp-content\/uploads\/2022\/09\/1662047433-ps-series-description-picture-7.jpg\" class=\"attachment-large size-large wp-image-343\" alt=\"\" srcset=\"\/\/longweielec.com\/wp-content\/uploads\/2022\/09\/1662047433-ps-series-description-picture-7.jpg 800w, \/\/longweielec.com\/wp-content\/uploads\/2022\/09\/1662047433-ps-series-description-picture-7-300x300.jpg 300w, \/\/longweielec.com\/wp-content\/uploads\/2022\/09\/1662047433-ps-series-description-picture-7-100x100.jpg 100w, \/\/longweielec.com\/wp-content\/uploads\/2022\/09\/1662047433-ps-series-description-picture-7-600x600.jpg 600w, \/\/longweielec.com\/wp-content\/uploads\/2022\/09\/1662047433-ps-series-description-picture-7-150x150.jpg 150w, \/\/longweielec.com\/wp-content\/uploads\/2022\/09\/1662047433-ps-series-description-picture-7-768x768.jpg 768w\" sizes=\"(max-width: 800px) 100vw, 800px\" \/>\t\t\t\t\t\t\t\t\t\t\t\t\t\t\t<\/div>\n\t\t\t\t\t<\/div>\n\t\t<\/div>\n\t\t\t\t\t<\/div>\n\t\t<\/section>\n\t\t\t\t<\/div>","protected":false},"excerpt":{"rendered":"<ul>\n<li><strong>Tela digital<\/strong>: Mostra os valores de tens\u00e3o e corrente em tempo real.<\/li>\n<li><strong>Ajuste vers\u00e1til<\/strong>: Bot\u00e3o para ajuste grosso e fino da tens\u00e3o\/corrente.<\/li>\n<li><strong>Sa\u00edda est\u00e1vel<\/strong>: Funciona nos modos de tens\u00e3o constante e corrente constante.<\/li>\n<li><strong>Baixo ru\u00eddo<\/strong>: Ondula\u00e7\u00e3o e ru\u00eddo m\u00ednimos para uma sa\u00edda limpa.<\/li>\n<li><strong>Acess\u00edvel e f\u00e1cil de usar<\/strong>: Econ\u00f4mico e f\u00e1cil de usar.<\/li>\n<li><strong>Prote\u00e7\u00e3o contra limita\u00e7\u00e3o de corrente<\/strong>: Recurso de seguran\u00e7a incorporado para evitar sobrecargas.<\/li>\n<li><strong>Design port\u00e1til<\/strong>: Atualizado com uma al\u00e7a de transporte para facilitar o transporte.<\/li>\n<\/ul>","protected":false},"featured_media":322,"template":"","meta":[],"product_brand":[],"product_cat":[24],"product_tag":[67],"class_list":{"0":"post-318","1":"product","2":"type-product","3":"status-publish","4":"has-post-thumbnail","6":"product_cat-linear-dc-power-supply","7":"product_tag-3-digit-display","9":"first","10":"instock","11":"shipping-taxable","12":"purchasable","13":"product-type-variable","14":"has-default-attributes"},"_links":{"self":[{"href":"https:\/\/longweielec.com\/pt\/wp-json\/wp\/v2\/product\/318","targetHints":{"allow":["GET"]}}],"collection":[{"href":"https:\/\/longweielec.com\/pt\/wp-json\/wp\/v2\/product"}],"about":[{"href":"https:\/\/longweielec.com\/pt\/wp-json\/wp\/v2\/types\/product"}],"wp:featuredmedia":[{"embeddable":true,"href":"https:\/\/longweielec.com\/pt\/wp-json\/wp\/v2\/media\/322"}],"wp:attachment":[{"href":"https:\/\/longweielec.com\/pt\/wp-json\/wp\/v2\/media?parent=318"}],"wp:term":[{"taxonomy":"product_brand","embeddable":true,"href":"https:\/\/longweielec.com\/pt\/wp-json\/wp\/v2\/product_brand?post=318"},{"taxonomy":"product_cat","embeddable":true,"href":"https:\/\/longweielec.com\/pt\/wp-json\/wp\/v2\/product_cat?post=318"},{"taxonomy":"product_tag","embeddable":true,"href":"https:\/\/longweielec.com\/pt\/wp-json\/wp\/v2\/product_tag?post=318"}],"curies":[{"name":"wp","href":"https:\/\/api.w.org\/{rel}","templated":true}]}}