{"id":493,"date":"2022-09-07T02:09:31","date_gmt":"2022-09-06T18:09:31","guid":{"rendered":"https:\/\/longweielec.com\/?post_type=product&#038;p=493"},"modified":"2025-07-19T22:14:10","modified_gmt":"2025-07-19T14:14:10","slug":"lw-k605d","status":"publish","type":"product","link":"https:\/\/longweielec.com\/pt\/product\/lw-k605d","title":{"rendered":"LW-K605D Mini fonte de alimenta\u00e7\u00e3o CC comutada de 60V 5A"},"content":{"rendered":"<div data-elementor-type=\"section\" data-elementor-id=\"474\" class=\"elementor elementor-474\" data-elementor-post-type=\"elementor_library\">\n\t\t\t\t\t<section class=\"elementor-section elementor-top-section elementor-element elementor-element-2be80194 elementor-section-full_width elementor-section-height-default elementor-section-height-default\" data-id=\"2be80194\" data-element_type=\"section\">\n\t\t\t\t\t\t<div class=\"elementor-container elementor-column-gap-no\">\n\t\t\t\t\t<div class=\"elementor-column elementor-col-100 elementor-top-column elementor-element elementor-element-4a880dc\" data-id=\"4a880dc\" data-element_type=\"column\">\n\t\t\t<div class=\"elementor-widget-wrap elementor-element-populated\">\n\t\t\t\t\t\t<div class=\"elementor-element elementor-element-578a5df7 elementor-widget elementor-widget-image\" data-id=\"578a5df7\" data-element_type=\"widget\" data-widget_type=\"image.default\">\n\t\t\t\t\t\t\t\t\t\t\t\t\t\t\t<img fetchpriority=\"high\" decoding=\"async\" width=\"800\" height=\"729\" src=\"https:\/\/longweielec.com\/wp-content\/uploads\/2022\/09\/1662485574-mini-switching-dc-benchtop-power-supply-pictrue-1.jpg\" class=\"attachment-full size-full wp-image-475\" alt=\"\" srcset=\"\/\/longweielec.com\/wp-content\/uploads\/2022\/09\/1662485574-mini-switching-dc-benchtop-power-supply-pictrue-1.jpg 800w, \/\/longweielec.com\/wp-content\/uploads\/2022\/09\/1662485574-mini-switching-dc-benchtop-power-supply-pictrue-1-600x547.jpg 600w, \/\/longweielec.com\/wp-content\/uploads\/2022\/09\/1662485574-mini-switching-dc-benchtop-power-supply-pictrue-1-300x273.jpg 300w, \/\/longweielec.com\/wp-content\/uploads\/2022\/09\/1662485574-mini-switching-dc-benchtop-power-supply-pictrue-1-768x700.jpg 768w\" sizes=\"(max-width: 800px) 100vw, 800px\" \/>\t\t\t\t\t\t\t\t\t\t\t\t\t\t\t<\/div>\n\t\t\t\t<div class=\"elementor-element elementor-element-544cc175 elementor-widget elementor-widget-image\" data-id=\"544cc175\" data-element_type=\"widget\" data-widget_type=\"image.default\">\n\t\t\t\t\t\t\t\t\t\t\t\t\t\t\t<img decoding=\"async\" width=\"800\" height=\"800\" src=\"https:\/\/longweielec.com\/wp-content\/uploads\/2022\/09\/1662485595-mini-switching-dc-benchtop-power-supply-pictrue-2.jpg\" class=\"attachment-full size-full wp-image-476\" alt=\"\" srcset=\"\/\/longweielec.com\/wp-content\/uploads\/2022\/09\/1662485595-mini-switching-dc-benchtop-power-supply-pictrue-2.jpg 800w, \/\/longweielec.com\/wp-content\/uploads\/2022\/09\/1662485595-mini-switching-dc-benchtop-power-supply-pictrue-2-300x300.jpg 300w, \/\/longweielec.com\/wp-content\/uploads\/2022\/09\/1662485595-mini-switching-dc-benchtop-power-supply-pictrue-2-100x100.jpg 100w, \/\/longweielec.com\/wp-content\/uploads\/2022\/09\/1662485595-mini-switching-dc-benchtop-power-supply-pictrue-2-600x600.jpg 600w, \/\/longweielec.com\/wp-content\/uploads\/2022\/09\/1662485595-mini-switching-dc-benchtop-power-supply-pictrue-2-150x150.jpg 150w, \/\/longweielec.com\/wp-content\/uploads\/2022\/09\/1662485595-mini-switching-dc-benchtop-power-supply-pictrue-2-768x768.jpg 768w\" sizes=\"(max-width: 800px) 100vw, 800px\" \/>\t\t\t\t\t\t\t\t\t\t\t\t\t\t\t<\/div>\n\t\t\t\t<div class=\"elementor-element elementor-element-2a9fc90 elementor-widget elementor-widget-image\" data-id=\"2a9fc90\" data-element_type=\"widget\" data-widget_type=\"image.default\">\n\t\t\t\t\t\t\t\t\t\t\t\t\t\t\t<img decoding=\"async\" width=\"800\" height=\"800\" src=\"https:\/\/longweielec.com\/wp-content\/uploads\/2022\/09\/1662485612-mini-switching-dc-benchtop-power-supply-pictrue-3.jpg\" class=\"attachment-full size-full wp-image-477\" alt=\"\" srcset=\"\/\/longweielec.com\/wp-content\/uploads\/2022\/09\/1662485612-mini-switching-dc-benchtop-power-supply-pictrue-3.jpg 800w, \/\/longweielec.com\/wp-content\/uploads\/2022\/09\/1662485612-mini-switching-dc-benchtop-power-supply-pictrue-3-300x300.jpg 300w, \/\/longweielec.com\/wp-content\/uploads\/2022\/09\/1662485612-mini-switching-dc-benchtop-power-supply-pictrue-3-100x100.jpg 100w, \/\/longweielec.com\/wp-content\/uploads\/2022\/09\/1662485612-mini-switching-dc-benchtop-power-supply-pictrue-3-600x600.jpg 600w, \/\/longweielec.com\/wp-content\/uploads\/2022\/09\/1662485612-mini-switching-dc-benchtop-power-supply-pictrue-3-150x150.jpg 150w, \/\/longweielec.com\/wp-content\/uploads\/2022\/09\/1662485612-mini-switching-dc-benchtop-power-supply-pictrue-3-768x768.jpg 768w\" sizes=\"(max-width: 800px) 100vw, 800px\" \/>\t\t\t\t\t\t\t\t\t\t\t\t\t\t\t<\/div>\n\t\t\t\t<div class=\"elementor-element elementor-element-11dc0a5b elementor-widget elementor-widget-image\" data-id=\"11dc0a5b\" data-element_type=\"widget\" data-widget_type=\"image.default\">\n\t\t\t\t\t\t\t\t\t\t\t\t\t\t\t<img loading=\"lazy\" decoding=\"async\" width=\"800\" height=\"800\" src=\"https:\/\/longweielec.com\/wp-content\/uploads\/2022\/09\/1662485628-mini-switching-dc-benchtop-power-supply-pictrue-4.jpg\" class=\"attachment-full size-full wp-image-478\" alt=\"\" srcset=\"\/\/longweielec.com\/wp-content\/uploads\/2022\/09\/1662485628-mini-switching-dc-benchtop-power-supply-pictrue-4.jpg 800w, \/\/longweielec.com\/wp-content\/uploads\/2022\/09\/1662485628-mini-switching-dc-benchtop-power-supply-pictrue-4-300x300.jpg 300w, \/\/longweielec.com\/wp-content\/uploads\/2022\/09\/1662485628-mini-switching-dc-benchtop-power-supply-pictrue-4-100x100.jpg 100w, \/\/longweielec.com\/wp-content\/uploads\/2022\/09\/1662485628-mini-switching-dc-benchtop-power-supply-pictrue-4-600x600.jpg 600w, \/\/longweielec.com\/wp-content\/uploads\/2022\/09\/1662485628-mini-switching-dc-benchtop-power-supply-pictrue-4-150x150.jpg 150w, \/\/longweielec.com\/wp-content\/uploads\/2022\/09\/1662485628-mini-switching-dc-benchtop-power-supply-pictrue-4-768x768.jpg 768w\" sizes=\"(max-width: 800px) 100vw, 800px\" \/>\t\t\t\t\t\t\t\t\t\t\t\t\t\t\t<\/div>\n\t\t\t\t<div class=\"elementor-element elementor-element-2d5edd50 elementor-widget elementor-widget-image\" data-id=\"2d5edd50\" data-element_type=\"widget\" data-widget_type=\"image.default\">\n\t\t\t\t\t\t\t\t\t\t\t\t\t\t\t<img loading=\"lazy\" decoding=\"async\" width=\"800\" height=\"800\" src=\"https:\/\/longweielec.com\/wp-content\/uploads\/2022\/09\/1662485669-mini-switching-dc-benchtop-power-supply-pictrue-5.jpg\" class=\"attachment-large size-large wp-image-479\" alt=\"\" srcset=\"\/\/longweielec.com\/wp-content\/uploads\/2022\/09\/1662485669-mini-switching-dc-benchtop-power-supply-pictrue-5.jpg 800w, \/\/longweielec.com\/wp-content\/uploads\/2022\/09\/1662485669-mini-switching-dc-benchtop-power-supply-pictrue-5-300x300.jpg 300w, \/\/longweielec.com\/wp-content\/uploads\/2022\/09\/1662485669-mini-switching-dc-benchtop-power-supply-pictrue-5-100x100.jpg 100w, \/\/longweielec.com\/wp-content\/uploads\/2022\/09\/1662485669-mini-switching-dc-benchtop-power-supply-pictrue-5-600x600.jpg 600w, \/\/longweielec.com\/wp-content\/uploads\/2022\/09\/1662485669-mini-switching-dc-benchtop-power-supply-pictrue-5-150x150.jpg 150w, \/\/longweielec.com\/wp-content\/uploads\/2022\/09\/1662485669-mini-switching-dc-benchtop-power-supply-pictrue-5-768x768.jpg 768w\" sizes=\"(max-width: 800px) 100vw, 800px\" \/>\t\t\t\t\t\t\t\t\t\t\t\t\t\t\t<\/div>\n\t\t\t\t<div class=\"elementor-element elementor-element-575287ce elementor-widget elementor-widget-image\" data-id=\"575287ce\" data-element_type=\"widget\" data-widget_type=\"image.default\">\n\t\t\t\t\t\t\t\t\t\t\t\t\t\t\t<img loading=\"lazy\" decoding=\"async\" width=\"800\" height=\"800\" src=\"https:\/\/longweielec.com\/wp-content\/uploads\/2022\/09\/1662485692-mini-switching-dc-benchtop-power-supply-pictrue-6.jpg\" class=\"attachment-large size-large wp-image-480\" alt=\"\" srcset=\"\/\/longweielec.com\/wp-content\/uploads\/2022\/09\/1662485692-mini-switching-dc-benchtop-power-supply-pictrue-6.jpg 800w, \/\/longweielec.com\/wp-content\/uploads\/2022\/09\/1662485692-mini-switching-dc-benchtop-power-supply-pictrue-6-300x300.jpg 300w, \/\/longweielec.com\/wp-content\/uploads\/2022\/09\/1662485692-mini-switching-dc-benchtop-power-supply-pictrue-6-100x100.jpg 100w, \/\/longweielec.com\/wp-content\/uploads\/2022\/09\/1662485692-mini-switching-dc-benchtop-power-supply-pictrue-6-600x600.jpg 600w, \/\/longweielec.com\/wp-content\/uploads\/2022\/09\/1662485692-mini-switching-dc-benchtop-power-supply-pictrue-6-150x150.jpg 150w, \/\/longweielec.com\/wp-content\/uploads\/2022\/09\/1662485692-mini-switching-dc-benchtop-power-supply-pictrue-6-768x768.jpg 768w\" sizes=\"(max-width: 800px) 100vw, 800px\" \/>\t\t\t\t\t\t\t\t\t\t\t\t\t\t\t<\/div>\n\t\t\t\t<div class=\"elementor-element elementor-element-a3c0d8f elementor-widget elementor-widget-image\" data-id=\"a3c0d8f\" data-element_type=\"widget\" data-widget_type=\"image.default\">\n\t\t\t\t\t\t\t\t\t\t\t\t\t\t\t<img loading=\"lazy\" decoding=\"async\" width=\"800\" height=\"1200\" src=\"https:\/\/longweielec.com\/wp-content\/uploads\/2022\/09\/1662485765-mini-switching-dc-benchtop-power-supply-pictrue-8.jpg\" class=\"attachment-full size-full wp-image-482\" alt=\"\" srcset=\"\/\/longweielec.com\/wp-content\/uploads\/2022\/09\/1662485765-mini-switching-dc-benchtop-power-supply-pictrue-8.jpg 800w, \/\/longweielec.com\/wp-content\/uploads\/2022\/09\/1662485765-mini-switching-dc-benchtop-power-supply-pictrue-8-600x900.jpg 600w, \/\/longweielec.com\/wp-content\/uploads\/2022\/09\/1662485765-mini-switching-dc-benchtop-power-supply-pictrue-8-200x300.jpg 200w, \/\/longweielec.com\/wp-content\/uploads\/2022\/09\/1662485765-mini-switching-dc-benchtop-power-supply-pictrue-8-683x1024.jpg 683w, \/\/longweielec.com\/wp-content\/uploads\/2022\/09\/1662485765-mini-switching-dc-benchtop-power-supply-pictrue-8-768x1152.jpg 768w\" sizes=\"(max-width: 800px) 100vw, 800px\" \/>\t\t\t\t\t\t\t\t\t\t\t\t\t\t\t<\/div>\n\t\t\t\t<div class=\"elementor-element elementor-element-8aca217 elementor-widget elementor-widget-image\" data-id=\"8aca217\" data-element_type=\"widget\" data-widget_type=\"image.default\">\n\t\t\t\t\t\t\t\t\t\t\t\t\t\t\t<img loading=\"lazy\" decoding=\"async\" width=\"800\" height=\"1400\" src=\"https:\/\/longweielec.com\/wp-content\/uploads\/2022\/09\/1662485738-mini-switching-dc-benchtop-power-supply-pictrue-7.jpg\" class=\"attachment-full size-full wp-image-481\" alt=\"\" srcset=\"\/\/longweielec.com\/wp-content\/uploads\/2022\/09\/1662485738-mini-switching-dc-benchtop-power-supply-pictrue-7.jpg 800w, \/\/longweielec.com\/wp-content\/uploads\/2022\/09\/1662485738-mini-switching-dc-benchtop-power-supply-pictrue-7-600x1050.jpg 600w, \/\/longweielec.com\/wp-content\/uploads\/2022\/09\/1662485738-mini-switching-dc-benchtop-power-supply-pictrue-7-171x300.jpg 171w, \/\/longweielec.com\/wp-content\/uploads\/2022\/09\/1662485738-mini-switching-dc-benchtop-power-supply-pictrue-7-585x1024.jpg 585w, \/\/longweielec.com\/wp-content\/uploads\/2022\/09\/1662485738-mini-switching-dc-benchtop-power-supply-pictrue-7-768x1344.jpg 768w\" sizes=\"(max-width: 800px) 100vw, 800px\" \/>\t\t\t\t\t\t\t\t\t\t\t\t\t\t\t<\/div>\n\t\t\t\t<div class=\"elementor-element elementor-element-b273c62 elementor-widget elementor-widget-image\" data-id=\"b273c62\" data-element_type=\"widget\" data-widget_type=\"image.default\">\n\t\t\t\t\t\t\t\t\t\t\t\t\t\t\t<img loading=\"lazy\" decoding=\"async\" width=\"800\" height=\"900\" src=\"https:\/\/longweielec.com\/wp-content\/uploads\/2022\/09\/1662485806-mini-switching-dc-benchtop-power-supply-pictrue-9.jpg\" class=\"attachment-large size-large wp-image-483\" alt=\"\" srcset=\"\/\/longweielec.com\/wp-content\/uploads\/2022\/09\/1662485806-mini-switching-dc-benchtop-power-supply-pictrue-9.jpg 800w, \/\/longweielec.com\/wp-content\/uploads\/2022\/09\/1662485806-mini-switching-dc-benchtop-power-supply-pictrue-9-600x675.jpg 600w, \/\/longweielec.com\/wp-content\/uploads\/2022\/09\/1662485806-mini-switching-dc-benchtop-power-supply-pictrue-9-267x300.jpg 267w, \/\/longweielec.com\/wp-content\/uploads\/2022\/09\/1662485806-mini-switching-dc-benchtop-power-supply-pictrue-9-768x864.jpg 768w\" sizes=\"(max-width: 800px) 100vw, 800px\" \/>\t\t\t\t\t\t\t\t\t\t\t\t\t\t\t<\/div>\n\t\t\t\t\t<\/div>\n\t\t<\/div>\n\t\t\t\t\t<\/div>\n\t\t<\/section>\n\t\t\t\t<\/div>","protected":false},"excerpt":{"rendered":"<ul>\n<li><strong>Prote\u00e7\u00e3o abrangente<\/strong>: Possui miniprote\u00e7\u00f5es contra sobretens\u00e3o, sobrecarga, sobretemperatura e limite de corrente.<\/li>\n<li><strong>Design compacto<\/strong>: Ideal para tecnologia de fixa\u00e7\u00e3o; tamanho pequeno e leve para f\u00e1cil portabilidade.<\/li>\n<li><strong>Controle eficiente<\/strong>: Equipado com um potenci\u00f4metro de fio enrolado multic\u00edrculo de alta efici\u00eancia.<\/li>\n<li><strong>Sistema de resfriamento inteligente<\/strong>: O ventilador com controle inteligente de temperatura garante o desempenho ideal.<\/li>\n<li><strong>Terminais vers\u00e1teis<\/strong>: Os terminais de uso duplo (inserir ou conectar) evitam o superaquecimento e o afrouxamento.<\/li>\n<\/ul>","protected":false},"featured_media":464,"template":"","meta":[],"product_brand":[],"product_cat":[25],"product_tag":[71],"class_list":{"0":"post-493","1":"product","2":"type-product","3":"status-publish","4":"has-post-thumbnail","6":"product_cat-switching-dc-power-supply","7":"product_tag-mini-benchtop-switching","9":"first","10":"instock","11":"shipping-taxable","12":"purchasable","13":"product-type-variable","14":"has-default-attributes"},"_links":{"self":[{"href":"https:\/\/longweielec.com\/pt\/wp-json\/wp\/v2\/product\/493","targetHints":{"allow":["GET"]}}],"collection":[{"href":"https:\/\/longweielec.com\/pt\/wp-json\/wp\/v2\/product"}],"about":[{"href":"https:\/\/longweielec.com\/pt\/wp-json\/wp\/v2\/types\/product"}],"wp:featuredmedia":[{"embeddable":true,"href":"https:\/\/longweielec.com\/pt\/wp-json\/wp\/v2\/media\/464"}],"wp:attachment":[{"href":"https:\/\/longweielec.com\/pt\/wp-json\/wp\/v2\/media?parent=493"}],"wp:term":[{"taxonomy":"product_brand","embeddable":true,"href":"https:\/\/longweielec.com\/pt\/wp-json\/wp\/v2\/product_brand?post=493"},{"taxonomy":"product_cat","embeddable":true,"href":"https:\/\/longweielec.com\/pt\/wp-json\/wp\/v2\/product_cat?post=493"},{"taxonomy":"product_tag","embeddable":true,"href":"https:\/\/longweielec.com\/pt\/wp-json\/wp\/v2\/product_tag?post=493"}],"curies":[{"name":"wp","href":"https:\/\/api.w.org\/{rel}","templated":true}]}}