{"id":572,"date":"2022-09-08T19:51:58","date_gmt":"2022-09-08T11:51:58","guid":{"rendered":"https:\/\/longweielec.com\/?post_type=product&#038;p=572"},"modified":"2025-07-19T22:17:00","modified_gmt":"2025-07-19T14:17:00","slug":"lw-1002kds","status":"publish","type":"product","link":"https:\/\/longweielec.com\/pt\/product\/lw-1002kds","title":{"rendered":"Fonte de alimenta\u00e7\u00e3o CC com microcomuta\u00e7\u00e3o LW-1002KDS 100V 2A"},"content":{"rendered":"","protected":false},"excerpt":{"rendered":"<ul>\n<li>Fonte de alimenta\u00e7\u00e3o CC monof\u00e1sica e de sa\u00edda \u00fanica<\/li>\n<li>Convers\u00e3o autom\u00e1tica entre tens\u00e3o constante e corrente constante (C.V. e C.C.)<\/li>\n<li>Corrente e tens\u00e3o ajust\u00e1veis de 0 a valor nominal<\/li>\n<li>Visor digital de 3 LEDs<\/li>\n<li>Ventilador com controle inteligente de temperatura para resfriamento r\u00e1pido<\/li>\n<\/ul>","protected":false},"featured_media":541,"template":"","meta":[],"product_brand":[],"product_cat":[25],"product_tag":[73],"class_list":{"0":"post-572","1":"product","2":"type-product","3":"status-publish","4":"has-post-thumbnail","6":"product_cat-switching-dc-power-supply","7":"product_tag-high-precision-small-switching-dc","9":"first","10":"instock","11":"shipping-taxable","12":"purchasable","13":"product-type-variable"},"_links":{"self":[{"href":"https:\/\/longweielec.com\/pt\/wp-json\/wp\/v2\/product\/572","targetHints":{"allow":["GET"]}}],"collection":[{"href":"https:\/\/longweielec.com\/pt\/wp-json\/wp\/v2\/product"}],"about":[{"href":"https:\/\/longweielec.com\/pt\/wp-json\/wp\/v2\/types\/product"}],"wp:featuredmedia":[{"embeddable":true,"href":"https:\/\/longweielec.com\/pt\/wp-json\/wp\/v2\/media\/541"}],"wp:attachment":[{"href":"https:\/\/longweielec.com\/pt\/wp-json\/wp\/v2\/media?parent=572"}],"wp:term":[{"taxonomy":"product_brand","embeddable":true,"href":"https:\/\/longweielec.com\/pt\/wp-json\/wp\/v2\/product_brand?post=572"},{"taxonomy":"product_cat","embeddable":true,"href":"https:\/\/longweielec.com\/pt\/wp-json\/wp\/v2\/product_cat?post=572"},{"taxonomy":"product_tag","embeddable":true,"href":"https:\/\/longweielec.com\/pt\/wp-json\/wp\/v2\/product_tag?post=572"}],"curies":[{"name":"wp","href":"https:\/\/api.w.org\/{rel}","templated":true}]}}