{"id":629,"date":"2022-09-10T00:03:27","date_gmt":"2022-09-09T16:03:27","guid":{"rendered":"https:\/\/longweielec.com\/?post_type=product&#038;p=629"},"modified":"2025-07-19T22:17:05","modified_gmt":"2025-07-19T14:17:05","slug":"lw-1510kd","status":"publish","type":"product","link":"https:\/\/longweielec.com\/pt\/product\/lw-1510kd","title":{"rendered":"LW-1510KD Fonte de alimenta\u00e7\u00e3o CC comutada digital de mesa 15V 10A"},"content":{"rendered":"<div data-elementor-type=\"section\" data-elementor-id=\"641\" class=\"elementor elementor-641\" data-elementor-post-type=\"elementor_library\">\n\t\t\t\t\t<section class=\"elementor-section elementor-top-section elementor-element elementor-element-7dd0bb59 elementor-section-full_width elementor-section-height-default elementor-section-height-default\" data-id=\"7dd0bb59\" data-element_type=\"section\">\n\t\t\t\t\t\t<div class=\"elementor-container elementor-column-gap-no\">\n\t\t\t\t\t<div class=\"elementor-column elementor-col-100 elementor-top-column elementor-element elementor-element-33ef6cc5\" data-id=\"33ef6cc5\" data-element_type=\"column\">\n\t\t\t<div class=\"elementor-widget-wrap elementor-element-populated\">\n\t\t\t\t\t\t<div class=\"elementor-element elementor-element-6aaadb5f elementor-widget elementor-widget-image\" data-id=\"6aaadb5f\" data-element_type=\"widget\" data-widget_type=\"image.default\">\n\t\t\t\t\t\t\t\t\t\t\t\t\t\t\t<img fetchpriority=\"high\" decoding=\"async\" width=\"800\" height=\"900\" src=\"https:\/\/longweielec.com\/wp-content\/uploads\/2022\/09\/1662743472-kd-series-digital-banchtop-switching-dc-power-supply-1.jpg\" class=\"attachment-full size-full wp-image-642\" alt=\"\" srcset=\"\/\/longweielec.com\/wp-content\/uploads\/2022\/09\/1662743472-kd-series-digital-banchtop-switching-dc-power-supply-1.jpg 800w, \/\/longweielec.com\/wp-content\/uploads\/2022\/09\/1662743472-kd-series-digital-banchtop-switching-dc-power-supply-1-600x675.jpg 600w, \/\/longweielec.com\/wp-content\/uploads\/2022\/09\/1662743472-kd-series-digital-banchtop-switching-dc-power-supply-1-267x300.jpg 267w, \/\/longweielec.com\/wp-content\/uploads\/2022\/09\/1662743472-kd-series-digital-banchtop-switching-dc-power-supply-1-768x864.jpg 768w\" sizes=\"(max-width: 800px) 100vw, 800px\" \/>\t\t\t\t\t\t\t\t\t\t\t\t\t\t\t<\/div>\n\t\t\t\t<div class=\"elementor-element elementor-element-d39be70 elementor-widget elementor-widget-image\" data-id=\"d39be70\" data-element_type=\"widget\" data-widget_type=\"image.default\">\n\t\t\t\t\t\t\t\t\t\t\t\t\t\t\t<img decoding=\"async\" width=\"800\" height=\"900\" src=\"https:\/\/longweielec.com\/wp-content\/uploads\/2022\/09\/1662743509-kd-series-digital-banchtop-switching-dc-power-supply-2.jpg\" class=\"attachment-full size-full wp-image-643\" alt=\"\" srcset=\"\/\/longweielec.com\/wp-content\/uploads\/2022\/09\/1662743509-kd-series-digital-banchtop-switching-dc-power-supply-2.jpg 800w, \/\/longweielec.com\/wp-content\/uploads\/2022\/09\/1662743509-kd-series-digital-banchtop-switching-dc-power-supply-2-600x675.jpg 600w, \/\/longweielec.com\/wp-content\/uploads\/2022\/09\/1662743509-kd-series-digital-banchtop-switching-dc-power-supply-2-267x300.jpg 267w, \/\/longweielec.com\/wp-content\/uploads\/2022\/09\/1662743509-kd-series-digital-banchtop-switching-dc-power-supply-2-768x864.jpg 768w\" sizes=\"(max-width: 800px) 100vw, 800px\" \/>\t\t\t\t\t\t\t\t\t\t\t\t\t\t\t<\/div>\n\t\t\t\t<div class=\"elementor-element elementor-element-54d952e0 elementor-widget elementor-widget-image\" data-id=\"54d952e0\" data-element_type=\"widget\" data-widget_type=\"image.default\">\n\t\t\t\t\t\t\t\t\t\t\t\t\t\t\t<img decoding=\"async\" width=\"800\" height=\"800\" src=\"https:\/\/longweielec.com\/wp-content\/uploads\/2022\/09\/1662743525-kd-series-digital-banchtop-switching-dc-power-supply-3.jpg\" class=\"attachment-full size-full wp-image-644\" alt=\"\" srcset=\"\/\/longweielec.com\/wp-content\/uploads\/2022\/09\/1662743525-kd-series-digital-banchtop-switching-dc-power-supply-3.jpg 800w, \/\/longweielec.com\/wp-content\/uploads\/2022\/09\/1662743525-kd-series-digital-banchtop-switching-dc-power-supply-3-300x300.jpg 300w, \/\/longweielec.com\/wp-content\/uploads\/2022\/09\/1662743525-kd-series-digital-banchtop-switching-dc-power-supply-3-100x100.jpg 100w, \/\/longweielec.com\/wp-content\/uploads\/2022\/09\/1662743525-kd-series-digital-banchtop-switching-dc-power-supply-3-600x600.jpg 600w, \/\/longweielec.com\/wp-content\/uploads\/2022\/09\/1662743525-kd-series-digital-banchtop-switching-dc-power-supply-3-150x150.jpg 150w, \/\/longweielec.com\/wp-content\/uploads\/2022\/09\/1662743525-kd-series-digital-banchtop-switching-dc-power-supply-3-768x768.jpg 768w\" sizes=\"(max-width: 800px) 100vw, 800px\" \/>\t\t\t\t\t\t\t\t\t\t\t\t\t\t\t<\/div>\n\t\t\t\t<div class=\"elementor-element elementor-element-2a5cbd44 elementor-widget elementor-widget-image\" data-id=\"2a5cbd44\" data-element_type=\"widget\" data-widget_type=\"image.default\">\n\t\t\t\t\t\t\t\t\t\t\t\t\t\t\t<img loading=\"lazy\" decoding=\"async\" width=\"800\" height=\"800\" src=\"https:\/\/longweielec.com\/wp-content\/uploads\/2022\/09\/1662743539-kd-series-digital-banchtop-switching-dc-power-supply-4.jpg\" class=\"attachment-full size-full wp-image-645\" alt=\"\" srcset=\"\/\/longweielec.com\/wp-content\/uploads\/2022\/09\/1662743539-kd-series-digital-banchtop-switching-dc-power-supply-4.jpg 800w, \/\/longweielec.com\/wp-content\/uploads\/2022\/09\/1662743539-kd-series-digital-banchtop-switching-dc-power-supply-4-300x300.jpg 300w, \/\/longweielec.com\/wp-content\/uploads\/2022\/09\/1662743539-kd-series-digital-banchtop-switching-dc-power-supply-4-100x100.jpg 100w, \/\/longweielec.com\/wp-content\/uploads\/2022\/09\/1662743539-kd-series-digital-banchtop-switching-dc-power-supply-4-600x600.jpg 600w, \/\/longweielec.com\/wp-content\/uploads\/2022\/09\/1662743539-kd-series-digital-banchtop-switching-dc-power-supply-4-150x150.jpg 150w, \/\/longweielec.com\/wp-content\/uploads\/2022\/09\/1662743539-kd-series-digital-banchtop-switching-dc-power-supply-4-768x768.jpg 768w\" sizes=\"(max-width: 800px) 100vw, 800px\" \/>\t\t\t\t\t\t\t\t\t\t\t\t\t\t\t<\/div>\n\t\t\t\t<div class=\"elementor-element elementor-element-63f910e6 elementor-widget elementor-widget-image\" data-id=\"63f910e6\" data-element_type=\"widget\" data-widget_type=\"image.default\">\n\t\t\t\t\t\t\t\t\t\t\t\t\t\t\t<img loading=\"lazy\" decoding=\"async\" width=\"800\" height=\"700\" src=\"https:\/\/longweielec.com\/wp-content\/uploads\/2022\/09\/1662743553-kd-series-digital-banchtop-switching-dc-power-supply-5.jpg\" class=\"attachment-large size-large wp-image-646\" alt=\"\" srcset=\"\/\/longweielec.com\/wp-content\/uploads\/2022\/09\/1662743553-kd-series-digital-banchtop-switching-dc-power-supply-5.jpg 800w, \/\/longweielec.com\/wp-content\/uploads\/2022\/09\/1662743553-kd-series-digital-banchtop-switching-dc-power-supply-5-600x525.jpg 600w, \/\/longweielec.com\/wp-content\/uploads\/2022\/09\/1662743553-kd-series-digital-banchtop-switching-dc-power-supply-5-300x263.jpg 300w, \/\/longweielec.com\/wp-content\/uploads\/2022\/09\/1662743553-kd-series-digital-banchtop-switching-dc-power-supply-5-768x672.jpg 768w\" sizes=\"(max-width: 800px) 100vw, 800px\" \/>\t\t\t\t\t\t\t\t\t\t\t\t\t\t\t<\/div>\n\t\t\t\t<div class=\"elementor-element elementor-element-54797d56 elementor-widget elementor-widget-image\" data-id=\"54797d56\" data-element_type=\"widget\" data-widget_type=\"image.default\">\n\t\t\t\t\t\t\t\t\t\t\t\t\t\t\t<img loading=\"lazy\" decoding=\"async\" width=\"800\" height=\"800\" src=\"https:\/\/longweielec.com\/wp-content\/uploads\/2022\/09\/1662743575-kd-series-digital-banchtop-switching-dc-power-supply-8.jpg\" class=\"attachment-large size-large wp-image-647\" alt=\"\" srcset=\"\/\/longweielec.com\/wp-content\/uploads\/2022\/09\/1662743575-kd-series-digital-banchtop-switching-dc-power-supply-8.jpg 800w, \/\/longweielec.com\/wp-content\/uploads\/2022\/09\/1662743575-kd-series-digital-banchtop-switching-dc-power-supply-8-300x300.jpg 300w, \/\/longweielec.com\/wp-content\/uploads\/2022\/09\/1662743575-kd-series-digital-banchtop-switching-dc-power-supply-8-100x100.jpg 100w, \/\/longweielec.com\/wp-content\/uploads\/2022\/09\/1662743575-kd-series-digital-banchtop-switching-dc-power-supply-8-600x600.jpg 600w, \/\/longweielec.com\/wp-content\/uploads\/2022\/09\/1662743575-kd-series-digital-banchtop-switching-dc-power-supply-8-150x150.jpg 150w, \/\/longweielec.com\/wp-content\/uploads\/2022\/09\/1662743575-kd-series-digital-banchtop-switching-dc-power-supply-8-768x768.jpg 768w\" sizes=\"(max-width: 800px) 100vw, 800px\" \/>\t\t\t\t\t\t\t\t\t\t\t\t\t\t\t<\/div>\n\t\t\t\t<div class=\"elementor-element elementor-element-6fda13b8 elementor-widget elementor-widget-image\" data-id=\"6fda13b8\" data-element_type=\"widget\" data-widget_type=\"image.default\">\n\t\t\t\t\t\t\t\t\t\t\t\t\t\t\t<img loading=\"lazy\" decoding=\"async\" width=\"800\" height=\"800\" src=\"https:\/\/longweielec.com\/wp-content\/uploads\/2022\/09\/1662743599-kd-series-digital-banchtop-switching-dc-power-supply-6.jpg\" class=\"attachment-full size-full wp-image-648\" alt=\"\" srcset=\"\/\/longweielec.com\/wp-content\/uploads\/2022\/09\/1662743599-kd-series-digital-banchtop-switching-dc-power-supply-6.jpg 800w, \/\/longweielec.com\/wp-content\/uploads\/2022\/09\/1662743599-kd-series-digital-banchtop-switching-dc-power-supply-6-300x300.jpg 300w, \/\/longweielec.com\/wp-content\/uploads\/2022\/09\/1662743599-kd-series-digital-banchtop-switching-dc-power-supply-6-100x100.jpg 100w, \/\/longweielec.com\/wp-content\/uploads\/2022\/09\/1662743599-kd-series-digital-banchtop-switching-dc-power-supply-6-600x600.jpg 600w, \/\/longweielec.com\/wp-content\/uploads\/2022\/09\/1662743599-kd-series-digital-banchtop-switching-dc-power-supply-6-150x150.jpg 150w, \/\/longweielec.com\/wp-content\/uploads\/2022\/09\/1662743599-kd-series-digital-banchtop-switching-dc-power-supply-6-768x768.jpg 768w\" sizes=\"(max-width: 800px) 100vw, 800px\" \/>\t\t\t\t\t\t\t\t\t\t\t\t\t\t\t<\/div>\n\t\t\t\t<div class=\"elementor-element elementor-element-118d0d7f elementor-widget elementor-widget-image\" data-id=\"118d0d7f\" data-element_type=\"widget\" data-widget_type=\"image.default\">\n\t\t\t\t\t\t\t\t\t\t\t\t\t\t\t<img loading=\"lazy\" decoding=\"async\" width=\"800\" height=\"1500\" src=\"https:\/\/longweielec.com\/wp-content\/uploads\/2022\/09\/1662743628-kd-series-digital-banchtop-switching-dc-power-supply-7.jpg\" class=\"attachment-full size-full wp-image-649\" alt=\"\" srcset=\"\/\/longweielec.com\/wp-content\/uploads\/2022\/09\/1662743628-kd-series-digital-banchtop-switching-dc-power-supply-7.jpg 800w, \/\/longweielec.com\/wp-content\/uploads\/2022\/09\/1662743628-kd-series-digital-banchtop-switching-dc-power-supply-7-600x1125.jpg 600w, \/\/longweielec.com\/wp-content\/uploads\/2022\/09\/1662743628-kd-series-digital-banchtop-switching-dc-power-supply-7-160x300.jpg 160w, \/\/longweielec.com\/wp-content\/uploads\/2022\/09\/1662743628-kd-series-digital-banchtop-switching-dc-power-supply-7-546x1024.jpg 546w, \/\/longweielec.com\/wp-content\/uploads\/2022\/09\/1662743628-kd-series-digital-banchtop-switching-dc-power-supply-7-768x1440.jpg 768w\" sizes=\"(max-width: 800px) 100vw, 800px\" \/>\t\t\t\t\t\t\t\t\t\t\t\t\t\t\t<\/div>\n\t\t\t\t\t<\/div>\n\t\t<\/div>\n\t\t\t\t\t<\/div>\n\t\t<\/section>\n\t\t\t\t<\/div>","protected":false},"excerpt":{"rendered":"<ul>\n<li><strong>Tela de LED de alta precis\u00e3o:<\/strong>\u00a0Leituras claras e intuitivas para facilitar o monitoramento.<\/li>\n<li><strong>Ventilador inteligente de controle duplo de temperatura:<\/strong>\u00a0A ventoinha de 6 cm garante a dissipa\u00e7\u00e3o eficaz do calor, aumenta a longevidade e minimiza o ru\u00eddo.<\/li>\n<li><strong>Design leve:<\/strong>\u00a0A tecnologia avan\u00e7ada reduz o peso para facilitar a portabilidade.<\/li>\n<li><strong>Prote\u00e7\u00e3o abrangente:<\/strong>\u00a0Possui prote\u00e7\u00f5es contra sobretens\u00e3o (OVP), limite de corrente (OCP), sobretemperatura (OTP) e sobrealimenta\u00e7\u00e3o (OPP) para uma opera\u00e7\u00e3o segura.<\/li>\n<li><strong>Controle preciso de tens\u00e3o e corrente:<\/strong>\u00a0Os potenci\u00f4metros de ajuste grosso e fino permitem configura\u00e7\u00f5es de sa\u00edda precisas e convenientes.<\/li>\n<\/ul>","protected":false},"featured_media":631,"template":"","meta":[],"product_brand":[],"product_cat":[25],"product_tag":[75],"class_list":{"0":"post-629","1":"product","2":"type-product","3":"status-publish","4":"has-post-thumbnail","6":"product_cat-switching-dc-power-supply","7":"product_tag-benchtop-switching-dc","9":"first","10":"instock","11":"shipping-taxable","12":"product-type-variable","13":"has-default-attributes"},"_links":{"self":[{"href":"https:\/\/longweielec.com\/pt\/wp-json\/wp\/v2\/product\/629","targetHints":{"allow":["GET"]}}],"collection":[{"href":"https:\/\/longweielec.com\/pt\/wp-json\/wp\/v2\/product"}],"about":[{"href":"https:\/\/longweielec.com\/pt\/wp-json\/wp\/v2\/types\/product"}],"wp:featuredmedia":[{"embeddable":true,"href":"https:\/\/longweielec.com\/pt\/wp-json\/wp\/v2\/media\/631"}],"wp:attachment":[{"href":"https:\/\/longweielec.com\/pt\/wp-json\/wp\/v2\/media?parent=629"}],"wp:term":[{"taxonomy":"product_brand","embeddable":true,"href":"https:\/\/longweielec.com\/pt\/wp-json\/wp\/v2\/product_brand?post=629"},{"taxonomy":"product_cat","embeddable":true,"href":"https:\/\/longweielec.com\/pt\/wp-json\/wp\/v2\/product_cat?post=629"},{"taxonomy":"product_tag","embeddable":true,"href":"https:\/\/longweielec.com\/pt\/wp-json\/wp\/v2\/product_tag?post=629"}],"curies":[{"name":"wp","href":"https:\/\/api.w.org\/{rel}","templated":true}]}}