{"id":751,"date":"2022-09-11T23:07:19","date_gmt":"2022-09-11T15:07:19","guid":{"rendered":"https:\/\/longweielec.com\/?post_type=product&#038;p=751"},"modified":"2025-07-19T22:14:06","modified_gmt":"2025-07-19T14:14:06","slug":"lw-3005-2kd","status":"publish","type":"product","link":"https:\/\/longweielec.com\/pt\/product\/lw-3005-2kd","title":{"rendered":"LW-3005-2KD Fonte de alimenta\u00e7\u00e3o CC comutada de mesa com 30V 5A de sa\u00edda dupla"},"content":{"rendered":"<div data-elementor-type=\"section\" data-elementor-id=\"761\" class=\"elementor elementor-761\" data-elementor-post-type=\"elementor_library\">\n\t\t\t\t\t<section class=\"elementor-section elementor-top-section elementor-element elementor-element-4d29d445 elementor-section-full_width elementor-section-height-default elementor-section-height-default\" data-id=\"4d29d445\" data-element_type=\"section\">\n\t\t\t\t\t\t<div class=\"elementor-container elementor-column-gap-no\">\n\t\t\t\t\t<div class=\"elementor-column elementor-col-100 elementor-top-column elementor-element elementor-element-7e51616a\" data-id=\"7e51616a\" data-element_type=\"column\">\n\t\t\t<div class=\"elementor-widget-wrap elementor-element-populated\">\n\t\t\t\t\t\t<div class=\"elementor-element elementor-element-56a6023f elementor-widget elementor-widget-image\" data-id=\"56a6023f\" data-element_type=\"widget\" data-widget_type=\"image.default\">\n\t\t\t\t\t\t\t\t\t\t\t\t\t\t\t<img fetchpriority=\"high\" decoding=\"async\" width=\"800\" height=\"900\" src=\"https:\/\/longweielec.com\/wp-content\/uploads\/2022\/09\/1662911022-2kd-series-dual-output-benchtop-switching-dc-power-supply-1.jpg\" class=\"attachment-full size-full wp-image-762\" alt=\"\" srcset=\"\/\/longweielec.com\/wp-content\/uploads\/2022\/09\/1662911022-2kd-series-dual-output-benchtop-switching-dc-power-supply-1.jpg 800w, \/\/longweielec.com\/wp-content\/uploads\/2022\/09\/1662911022-2kd-series-dual-output-benchtop-switching-dc-power-supply-1-600x675.jpg 600w, \/\/longweielec.com\/wp-content\/uploads\/2022\/09\/1662911022-2kd-series-dual-output-benchtop-switching-dc-power-supply-1-267x300.jpg 267w, \/\/longweielec.com\/wp-content\/uploads\/2022\/09\/1662911022-2kd-series-dual-output-benchtop-switching-dc-power-supply-1-768x864.jpg 768w\" sizes=\"(max-width: 800px) 100vw, 800px\" \/>\t\t\t\t\t\t\t\t\t\t\t\t\t\t\t<\/div>\n\t\t\t\t<div class=\"elementor-element elementor-element-3a34d6be elementor-widget elementor-widget-image\" data-id=\"3a34d6be\" data-element_type=\"widget\" data-widget_type=\"image.default\">\n\t\t\t\t\t\t\t\t\t\t\t\t\t\t\t<img decoding=\"async\" width=\"800\" height=\"800\" src=\"https:\/\/longweielec.com\/wp-content\/uploads\/2022\/09\/1662911055-2kd-series-dual-output-benchtop-switching-dc-power-supply-2.jpg\" class=\"attachment-full size-full wp-image-763\" alt=\"\" srcset=\"\/\/longweielec.com\/wp-content\/uploads\/2022\/09\/1662911055-2kd-series-dual-output-benchtop-switching-dc-power-supply-2.jpg 800w, \/\/longweielec.com\/wp-content\/uploads\/2022\/09\/1662911055-2kd-series-dual-output-benchtop-switching-dc-power-supply-2-300x300.jpg 300w, \/\/longweielec.com\/wp-content\/uploads\/2022\/09\/1662911055-2kd-series-dual-output-benchtop-switching-dc-power-supply-2-100x100.jpg 100w, \/\/longweielec.com\/wp-content\/uploads\/2022\/09\/1662911055-2kd-series-dual-output-benchtop-switching-dc-power-supply-2-600x600.jpg 600w, \/\/longweielec.com\/wp-content\/uploads\/2022\/09\/1662911055-2kd-series-dual-output-benchtop-switching-dc-power-supply-2-150x150.jpg 150w, \/\/longweielec.com\/wp-content\/uploads\/2022\/09\/1662911055-2kd-series-dual-output-benchtop-switching-dc-power-supply-2-768x768.jpg 768w\" sizes=\"(max-width: 800px) 100vw, 800px\" \/>\t\t\t\t\t\t\t\t\t\t\t\t\t\t\t<\/div>\n\t\t\t\t<div class=\"elementor-element elementor-element-6c590c53 elementor-widget elementor-widget-image\" data-id=\"6c590c53\" data-element_type=\"widget\" data-widget_type=\"image.default\">\n\t\t\t\t\t\t\t\t\t\t\t\t\t\t\t<img decoding=\"async\" width=\"800\" height=\"900\" src=\"https:\/\/longweielec.com\/wp-content\/uploads\/2022\/09\/1662911076-2kd-series-dual-output-benchtop-switching-dc-power-supply-3.jpg\" class=\"attachment-full size-full wp-image-764\" alt=\"\" srcset=\"\/\/longweielec.com\/wp-content\/uploads\/2022\/09\/1662911076-2kd-series-dual-output-benchtop-switching-dc-power-supply-3.jpg 800w, \/\/longweielec.com\/wp-content\/uploads\/2022\/09\/1662911076-2kd-series-dual-output-benchtop-switching-dc-power-supply-3-600x675.jpg 600w, \/\/longweielec.com\/wp-content\/uploads\/2022\/09\/1662911076-2kd-series-dual-output-benchtop-switching-dc-power-supply-3-267x300.jpg 267w, \/\/longweielec.com\/wp-content\/uploads\/2022\/09\/1662911076-2kd-series-dual-output-benchtop-switching-dc-power-supply-3-768x864.jpg 768w\" sizes=\"(max-width: 800px) 100vw, 800px\" \/>\t\t\t\t\t\t\t\t\t\t\t\t\t\t\t<\/div>\n\t\t\t\t<div class=\"elementor-element elementor-element-7ee3057a elementor-widget elementor-widget-image\" data-id=\"7ee3057a\" data-element_type=\"widget\" data-widget_type=\"image.default\">\n\t\t\t\t\t\t\t\t\t\t\t\t\t\t\t<img loading=\"lazy\" decoding=\"async\" width=\"800\" height=\"700\" src=\"https:\/\/longweielec.com\/wp-content\/uploads\/2022\/09\/1662911095-2kd-series-dual-output-benchtop-switching-dc-power-supply-4.jpg\" class=\"attachment-full size-full wp-image-765\" alt=\"\" srcset=\"\/\/longweielec.com\/wp-content\/uploads\/2022\/09\/1662911095-2kd-series-dual-output-benchtop-switching-dc-power-supply-4.jpg 800w, \/\/longweielec.com\/wp-content\/uploads\/2022\/09\/1662911095-2kd-series-dual-output-benchtop-switching-dc-power-supply-4-600x525.jpg 600w, \/\/longweielec.com\/wp-content\/uploads\/2022\/09\/1662911095-2kd-series-dual-output-benchtop-switching-dc-power-supply-4-300x263.jpg 300w, \/\/longweielec.com\/wp-content\/uploads\/2022\/09\/1662911095-2kd-series-dual-output-benchtop-switching-dc-power-supply-4-768x672.jpg 768w\" sizes=\"(max-width: 800px) 100vw, 800px\" \/>\t\t\t\t\t\t\t\t\t\t\t\t\t\t\t<\/div>\n\t\t\t\t<div class=\"elementor-element elementor-element-3799e42c elementor-widget elementor-widget-image\" data-id=\"3799e42c\" data-element_type=\"widget\" data-widget_type=\"image.default\">\n\t\t\t\t\t\t\t\t\t\t\t\t\t\t\t<img loading=\"lazy\" decoding=\"async\" width=\"800\" height=\"800\" src=\"https:\/\/longweielec.com\/wp-content\/uploads\/2022\/09\/1662911121-2kd-series-dual-output-benchtop-switching-dc-power-supply-5.jpg\" class=\"attachment-full size-full wp-image-766\" alt=\"\" srcset=\"\/\/longweielec.com\/wp-content\/uploads\/2022\/09\/1662911121-2kd-series-dual-output-benchtop-switching-dc-power-supply-5.jpg 800w, \/\/longweielec.com\/wp-content\/uploads\/2022\/09\/1662911121-2kd-series-dual-output-benchtop-switching-dc-power-supply-5-300x300.jpg 300w, \/\/longweielec.com\/wp-content\/uploads\/2022\/09\/1662911121-2kd-series-dual-output-benchtop-switching-dc-power-supply-5-100x100.jpg 100w, \/\/longweielec.com\/wp-content\/uploads\/2022\/09\/1662911121-2kd-series-dual-output-benchtop-switching-dc-power-supply-5-600x600.jpg 600w, \/\/longweielec.com\/wp-content\/uploads\/2022\/09\/1662911121-2kd-series-dual-output-benchtop-switching-dc-power-supply-5-150x150.jpg 150w, \/\/longweielec.com\/wp-content\/uploads\/2022\/09\/1662911121-2kd-series-dual-output-benchtop-switching-dc-power-supply-5-768x768.jpg 768w\" sizes=\"(max-width: 800px) 100vw, 800px\" \/>\t\t\t\t\t\t\t\t\t\t\t\t\t\t\t<\/div>\n\t\t\t\t<div class=\"elementor-element elementor-element-789d350e elementor-widget elementor-widget-image\" data-id=\"789d350e\" data-element_type=\"widget\" data-widget_type=\"image.default\">\n\t\t\t\t\t\t\t\t\t\t\t\t\t\t\t<img loading=\"lazy\" decoding=\"async\" width=\"800\" height=\"800\" src=\"https:\/\/longweielec.com\/wp-content\/uploads\/2022\/09\/1662911142-2kd-series-dual-output-benchtop-switching-dc-power-supply-6.jpg\" class=\"attachment-large size-large wp-image-767\" alt=\"\" srcset=\"\/\/longweielec.com\/wp-content\/uploads\/2022\/09\/1662911142-2kd-series-dual-output-benchtop-switching-dc-power-supply-6.jpg 800w, \/\/longweielec.com\/wp-content\/uploads\/2022\/09\/1662911142-2kd-series-dual-output-benchtop-switching-dc-power-supply-6-300x300.jpg 300w, \/\/longweielec.com\/wp-content\/uploads\/2022\/09\/1662911142-2kd-series-dual-output-benchtop-switching-dc-power-supply-6-100x100.jpg 100w, \/\/longweielec.com\/wp-content\/uploads\/2022\/09\/1662911142-2kd-series-dual-output-benchtop-switching-dc-power-supply-6-600x600.jpg 600w, \/\/longweielec.com\/wp-content\/uploads\/2022\/09\/1662911142-2kd-series-dual-output-benchtop-switching-dc-power-supply-6-150x150.jpg 150w, \/\/longweielec.com\/wp-content\/uploads\/2022\/09\/1662911142-2kd-series-dual-output-benchtop-switching-dc-power-supply-6-768x768.jpg 768w\" sizes=\"(max-width: 800px) 100vw, 800px\" \/>\t\t\t\t\t\t\t\t\t\t\t\t\t\t\t<\/div>\n\t\t\t\t<div class=\"elementor-element elementor-element-4d148b20 elementor-widget elementor-widget-image\" data-id=\"4d148b20\" data-element_type=\"widget\" data-widget_type=\"image.default\">\n\t\t\t\t\t\t\t\t\t\t\t\t\t\t\t<img loading=\"lazy\" decoding=\"async\" width=\"800\" height=\"800\" src=\"https:\/\/longweielec.com\/wp-content\/uploads\/2022\/09\/1662911157-2kd-series-dual-output-benchtop-switching-dc-power-supply-7.jpg\" class=\"attachment-full size-full wp-image-768\" alt=\"\" srcset=\"\/\/longweielec.com\/wp-content\/uploads\/2022\/09\/1662911157-2kd-series-dual-output-benchtop-switching-dc-power-supply-7.jpg 800w, \/\/longweielec.com\/wp-content\/uploads\/2022\/09\/1662911157-2kd-series-dual-output-benchtop-switching-dc-power-supply-7-300x300.jpg 300w, \/\/longweielec.com\/wp-content\/uploads\/2022\/09\/1662911157-2kd-series-dual-output-benchtop-switching-dc-power-supply-7-100x100.jpg 100w, \/\/longweielec.com\/wp-content\/uploads\/2022\/09\/1662911157-2kd-series-dual-output-benchtop-switching-dc-power-supply-7-600x600.jpg 600w, \/\/longweielec.com\/wp-content\/uploads\/2022\/09\/1662911157-2kd-series-dual-output-benchtop-switching-dc-power-supply-7-150x150.jpg 150w, \/\/longweielec.com\/wp-content\/uploads\/2022\/09\/1662911157-2kd-series-dual-output-benchtop-switching-dc-power-supply-7-768x768.jpg 768w\" sizes=\"(max-width: 800px) 100vw, 800px\" \/>\t\t\t\t\t\t\t\t\t\t\t\t\t\t\t<\/div>\n\t\t\t\t<div class=\"elementor-element elementor-element-6c7fe482 elementor-widget elementor-widget-image\" data-id=\"6c7fe482\" data-element_type=\"widget\" data-widget_type=\"image.default\">\n\t\t\t\t\t\t\t\t\t\t\t\t\t\t\t<img loading=\"lazy\" decoding=\"async\" width=\"800\" height=\"800\" src=\"https:\/\/longweielec.com\/wp-content\/uploads\/2022\/09\/1662911170-2kd-series-dual-output-benchtop-switching-dc-power-supply-8.jpg\" class=\"attachment-full size-full wp-image-769\" alt=\"\" srcset=\"\/\/longweielec.com\/wp-content\/uploads\/2022\/09\/1662911170-2kd-series-dual-output-benchtop-switching-dc-power-supply-8.jpg 800w, \/\/longweielec.com\/wp-content\/uploads\/2022\/09\/1662911170-2kd-series-dual-output-benchtop-switching-dc-power-supply-8-300x300.jpg 300w, \/\/longweielec.com\/wp-content\/uploads\/2022\/09\/1662911170-2kd-series-dual-output-benchtop-switching-dc-power-supply-8-100x100.jpg 100w, \/\/longweielec.com\/wp-content\/uploads\/2022\/09\/1662911170-2kd-series-dual-output-benchtop-switching-dc-power-supply-8-600x600.jpg 600w, \/\/longweielec.com\/wp-content\/uploads\/2022\/09\/1662911170-2kd-series-dual-output-benchtop-switching-dc-power-supply-8-150x150.jpg 150w, \/\/longweielec.com\/wp-content\/uploads\/2022\/09\/1662911170-2kd-series-dual-output-benchtop-switching-dc-power-supply-8-768x768.jpg 768w\" sizes=\"(max-width: 800px) 100vw, 800px\" \/>\t\t\t\t\t\t\t\t\t\t\t\t\t\t\t<\/div>\n\t\t\t\t<div class=\"elementor-element elementor-element-77fef380 elementor-widget elementor-widget-image\" data-id=\"77fef380\" data-element_type=\"widget\" data-widget_type=\"image.default\">\n\t\t\t\t\t\t\t\t\t\t\t\t\t\t\t<img loading=\"lazy\" decoding=\"async\" width=\"800\" height=\"500\" src=\"https:\/\/longweielec.com\/wp-content\/uploads\/2022\/09\/1662911193-2kd-series-dual-output-benchtop-switching-dc-power-supply-9.jpg\" class=\"attachment-full size-full wp-image-770\" alt=\"\" srcset=\"\/\/longweielec.com\/wp-content\/uploads\/2022\/09\/1662911193-2kd-series-dual-output-benchtop-switching-dc-power-supply-9.jpg 800w, \/\/longweielec.com\/wp-content\/uploads\/2022\/09\/1662911193-2kd-series-dual-output-benchtop-switching-dc-power-supply-9-600x375.jpg 600w, \/\/longweielec.com\/wp-content\/uploads\/2022\/09\/1662911193-2kd-series-dual-output-benchtop-switching-dc-power-supply-9-300x188.jpg 300w, \/\/longweielec.com\/wp-content\/uploads\/2022\/09\/1662911193-2kd-series-dual-output-benchtop-switching-dc-power-supply-9-768x480.jpg 768w\" sizes=\"(max-width: 800px) 100vw, 800px\" \/>\t\t\t\t\t\t\t\t\t\t\t\t\t\t\t<\/div>\n\t\t\t\t<div class=\"elementor-element elementor-element-6f6c56c elementor-widget elementor-widget-image\" data-id=\"6f6c56c\" data-element_type=\"widget\" data-widget_type=\"image.default\">\n\t\t\t\t\t\t\t\t\t\t\t\t\t\t\t<img loading=\"lazy\" decoding=\"async\" width=\"800\" height=\"1100\" src=\"https:\/\/longweielec.com\/wp-content\/uploads\/2022\/09\/1662911209-2kd-series-dual-output-benchtop-switching-dc-power-supply-10.jpg\" class=\"attachment-full size-full wp-image-771\" alt=\"\" srcset=\"\/\/longweielec.com\/wp-content\/uploads\/2022\/09\/1662911209-2kd-series-dual-output-benchtop-switching-dc-power-supply-10.jpg 800w, \/\/longweielec.com\/wp-content\/uploads\/2022\/09\/1662911209-2kd-series-dual-output-benchtop-switching-dc-power-supply-10-600x825.jpg 600w, \/\/longweielec.com\/wp-content\/uploads\/2022\/09\/1662911209-2kd-series-dual-output-benchtop-switching-dc-power-supply-10-218x300.jpg 218w, \/\/longweielec.com\/wp-content\/uploads\/2022\/09\/1662911209-2kd-series-dual-output-benchtop-switching-dc-power-supply-10-745x1024.jpg 745w, \/\/longweielec.com\/wp-content\/uploads\/2022\/09\/1662911209-2kd-series-dual-output-benchtop-switching-dc-power-supply-10-768x1056.jpg 768w\" sizes=\"(max-width: 800px) 100vw, 800px\" \/>\t\t\t\t\t\t\t\t\t\t\t\t\t\t\t<\/div>\n\t\t\t\t<div class=\"elementor-element elementor-element-cecd197 elementor-widget elementor-widget-image\" data-id=\"cecd197\" data-element_type=\"widget\" data-widget_type=\"image.default\">\n\t\t\t\t\t\t\t\t\t\t\t\t\t\t\t<img loading=\"lazy\" decoding=\"async\" width=\"800\" height=\"1100\" src=\"https:\/\/longweielec.com\/wp-content\/uploads\/2022\/09\/1662911247-2kd-series-dual-output-benchtop-switching-dc-power-supply-11.jpg\" class=\"attachment-full size-full wp-image-772\" alt=\"\" srcset=\"\/\/longweielec.com\/wp-content\/uploads\/2022\/09\/1662911247-2kd-series-dual-output-benchtop-switching-dc-power-supply-11.jpg 800w, \/\/longweielec.com\/wp-content\/uploads\/2022\/09\/1662911247-2kd-series-dual-output-benchtop-switching-dc-power-supply-11-600x825.jpg 600w, \/\/longweielec.com\/wp-content\/uploads\/2022\/09\/1662911247-2kd-series-dual-output-benchtop-switching-dc-power-supply-11-218x300.jpg 218w, \/\/longweielec.com\/wp-content\/uploads\/2022\/09\/1662911247-2kd-series-dual-output-benchtop-switching-dc-power-supply-11-745x1024.jpg 745w, \/\/longweielec.com\/wp-content\/uploads\/2022\/09\/1662911247-2kd-series-dual-output-benchtop-switching-dc-power-supply-11-768x1056.jpg 768w\" sizes=\"(max-width: 800px) 100vw, 800px\" \/>\t\t\t\t\t\t\t\t\t\t\t\t\t\t\t<\/div>\n\t\t\t\t<div class=\"elementor-element elementor-element-6568dc3 elementor-widget elementor-widget-image\" data-id=\"6568dc3\" data-element_type=\"widget\" data-widget_type=\"image.default\">\n\t\t\t\t\t\t\t\t\t\t\t\t\t\t\t<img loading=\"lazy\" decoding=\"async\" width=\"800\" height=\"900\" src=\"https:\/\/longweielec.com\/wp-content\/uploads\/2022\/09\/1662911289-2kd-series-dual-output-benchtop-switching-dc-power-supply-12.jpg\" class=\"attachment-full size-full wp-image-773\" alt=\"\" srcset=\"\/\/longweielec.com\/wp-content\/uploads\/2022\/09\/1662911289-2kd-series-dual-output-benchtop-switching-dc-power-supply-12.jpg 800w, \/\/longweielec.com\/wp-content\/uploads\/2022\/09\/1662911289-2kd-series-dual-output-benchtop-switching-dc-power-supply-12-600x675.jpg 600w, \/\/longweielec.com\/wp-content\/uploads\/2022\/09\/1662911289-2kd-series-dual-output-benchtop-switching-dc-power-supply-12-267x300.jpg 267w, \/\/longweielec.com\/wp-content\/uploads\/2022\/09\/1662911289-2kd-series-dual-output-benchtop-switching-dc-power-supply-12-768x864.jpg 768w\" sizes=\"(max-width: 800px) 100vw, 800px\" \/>\t\t\t\t\t\t\t\t\t\t\t\t\t\t\t<\/div>\n\t\t\t\t\t<\/div>\n\t\t<\/div>\n\t\t\t\t\t<\/div>\n\t\t<\/section>\n\t\t\t\t<\/div>","protected":false},"excerpt":{"rendered":"<ul>\n<li><strong>Sa\u00eddas duplas ajust\u00e1veis + sa\u00edda fixa de 5V\/2A<\/strong>: Possui duas sa\u00eddas ajust\u00e1veis e uma sa\u00edda fixa para op\u00e7\u00f5es vers\u00e1teis de alimenta\u00e7\u00e3o.<\/li>\n<li><strong>Tela de LED de alta precis\u00e3o:<\/strong> Tr\u00eas conjuntos de indicadores LED de 4 d\u00edgitos para corrente, tens\u00e3o e pot\u00eancia para uma visibilidade clara.<\/li>\n<li><strong>V\u00e1rios modos de opera\u00e7\u00e3o:<\/strong>\u00a0Alterne perfeitamente entre os modos de regulagem de tens\u00e3o e de corrente constante.<\/li>\n<li><strong>M\u00faltiplas fun\u00e7\u00f5es de prote\u00e7\u00e3o:<\/strong> prote\u00e7\u00e3o contra sobrecorrente (OCP), prote\u00e7\u00e3o contra sobretemperatura (OTP) e prote\u00e7\u00e3o contra sobrecarga de energia (OPP).<\/li>\n<li><strong>Ventilador de resfriamento inteligente:<\/strong>\u00a0A dissipa\u00e7\u00e3o eficiente de calor aumenta a vida \u00fatil do ventilador e reduz o ru\u00eddo.<\/li>\n<\/ul>","protected":false},"featured_media":753,"template":"","meta":[],"product_brand":[],"product_cat":[25],"product_tag":[77],"class_list":{"0":"post-751","1":"product","2":"type-product","3":"status-publish","4":"has-post-thumbnail","6":"product_cat-switching-dc-power-supply","7":"product_tag-dual-output-switching-dc","9":"first","10":"instock","11":"shipping-taxable","12":"product-type-variable","13":"has-default-attributes"},"_links":{"self":[{"href":"https:\/\/longweielec.com\/pt\/wp-json\/wp\/v2\/product\/751","targetHints":{"allow":["GET"]}}],"collection":[{"href":"https:\/\/longweielec.com\/pt\/wp-json\/wp\/v2\/product"}],"about":[{"href":"https:\/\/longweielec.com\/pt\/wp-json\/wp\/v2\/types\/product"}],"wp:featuredmedia":[{"embeddable":true,"href":"https:\/\/longweielec.com\/pt\/wp-json\/wp\/v2\/media\/753"}],"wp:attachment":[{"href":"https:\/\/longweielec.com\/pt\/wp-json\/wp\/v2\/media?parent=751"}],"wp:term":[{"taxonomy":"product_brand","embeddable":true,"href":"https:\/\/longweielec.com\/pt\/wp-json\/wp\/v2\/product_brand?post=751"},{"taxonomy":"product_cat","embeddable":true,"href":"https:\/\/longweielec.com\/pt\/wp-json\/wp\/v2\/product_cat?post=751"},{"taxonomy":"product_tag","embeddable":true,"href":"https:\/\/longweielec.com\/pt\/wp-json\/wp\/v2\/product_tag?post=751"}],"curies":[{"name":"wp","href":"https:\/\/api.w.org\/{rel}","templated":true}]}}