{"id":823,"date":"2022-09-13T23:19:50","date_gmt":"2022-09-13T15:19:50","guid":{"rendered":"https:\/\/longweielec.com\/?post_type=product&#038;p=823"},"modified":"2025-07-19T22:14:05","modified_gmt":"2025-07-19T14:14:05","slug":"lw-305e","status":"publish","type":"product","link":"https:\/\/longweielec.com\/pt\/product\/lw-305e","title":{"rendered":"Fonte de alimenta\u00e7\u00e3o CC microprogram\u00e1vel LW-305E 30V 5A"},"content":{"rendered":"<div data-elementor-type=\"section\" data-elementor-id=\"834\" class=\"elementor elementor-834\" data-elementor-post-type=\"elementor_library\">\n\t\t\t\t\t<section class=\"elementor-section elementor-top-section elementor-element elementor-element-79620c3d elementor-section-full_width elementor-section-height-default elementor-section-height-default\" data-id=\"79620c3d\" data-element_type=\"section\">\n\t\t\t\t\t\t<div class=\"elementor-container elementor-column-gap-no\">\n\t\t\t\t\t<div class=\"elementor-column elementor-col-100 elementor-top-column elementor-element elementor-element-4e6f2ab5\" data-id=\"4e6f2ab5\" data-element_type=\"column\">\n\t\t\t<div class=\"elementor-widget-wrap elementor-element-populated\">\n\t\t\t\t\t\t<div class=\"elementor-element elementor-element-38c83761 elementor-widget elementor-widget-image\" data-id=\"38c83761\" data-element_type=\"widget\" data-widget_type=\"image.default\">\n\t\t\t\t\t\t\t\t\t\t\t\t\t\t\t<img fetchpriority=\"high\" decoding=\"async\" width=\"800\" height=\"1000\" src=\"https:\/\/longweielec.com\/wp-content\/uploads\/2022\/09\/1663086423-e-series-small-benchtop-programmable-dc-power-supply-picture-1.jpg\" class=\"attachment-full size-full wp-image-835\" alt=\"\" srcset=\"\/\/longweielec.com\/wp-content\/uploads\/2022\/09\/1663086423-e-series-small-benchtop-programmable-dc-power-supply-picture-1.jpg 800w, \/\/longweielec.com\/wp-content\/uploads\/2022\/09\/1663086423-e-series-small-benchtop-programmable-dc-power-supply-picture-1-600x750.jpg 600w, \/\/longweielec.com\/wp-content\/uploads\/2022\/09\/1663086423-e-series-small-benchtop-programmable-dc-power-supply-picture-1-240x300.jpg 240w, \/\/longweielec.com\/wp-content\/uploads\/2022\/09\/1663086423-e-series-small-benchtop-programmable-dc-power-supply-picture-1-768x960.jpg 768w\" sizes=\"(max-width: 800px) 100vw, 800px\" \/>\t\t\t\t\t\t\t\t\t\t\t\t\t\t\t<\/div>\n\t\t\t\t<div class=\"elementor-element elementor-element-186465b1 elementor-widget elementor-widget-image\" data-id=\"186465b1\" data-element_type=\"widget\" data-widget_type=\"image.default\">\n\t\t\t\t\t\t\t\t\t\t\t\t\t\t\t<img decoding=\"async\" width=\"800\" height=\"800\" src=\"https:\/\/longweielec.com\/wp-content\/uploads\/2022\/09\/1663086442-e-series-small-benchtop-programmable-dc-power-supply-picture-2.jpg\" class=\"attachment-full size-full wp-image-836\" alt=\"\" srcset=\"\/\/longweielec.com\/wp-content\/uploads\/2022\/09\/1663086442-e-series-small-benchtop-programmable-dc-power-supply-picture-2.jpg 800w, \/\/longweielec.com\/wp-content\/uploads\/2022\/09\/1663086442-e-series-small-benchtop-programmable-dc-power-supply-picture-2-300x300.jpg 300w, \/\/longweielec.com\/wp-content\/uploads\/2022\/09\/1663086442-e-series-small-benchtop-programmable-dc-power-supply-picture-2-100x100.jpg 100w, \/\/longweielec.com\/wp-content\/uploads\/2022\/09\/1663086442-e-series-small-benchtop-programmable-dc-power-supply-picture-2-600x600.jpg 600w, \/\/longweielec.com\/wp-content\/uploads\/2022\/09\/1663086442-e-series-small-benchtop-programmable-dc-power-supply-picture-2-150x150.jpg 150w, \/\/longweielec.com\/wp-content\/uploads\/2022\/09\/1663086442-e-series-small-benchtop-programmable-dc-power-supply-picture-2-768x768.jpg 768w\" sizes=\"(max-width: 800px) 100vw, 800px\" \/>\t\t\t\t\t\t\t\t\t\t\t\t\t\t\t<\/div>\n\t\t\t\t<div class=\"elementor-element elementor-element-222dbd4d elementor-widget elementor-widget-image\" data-id=\"222dbd4d\" data-element_type=\"widget\" data-widget_type=\"image.default\">\n\t\t\t\t\t\t\t\t\t\t\t\t\t\t\t<img decoding=\"async\" width=\"800\" height=\"800\" src=\"https:\/\/longweielec.com\/wp-content\/uploads\/2022\/09\/1663086457-e-series-small-benchtop-programmable-dc-power-supply-picture-3.jpg\" class=\"attachment-full size-full wp-image-837\" alt=\"\" srcset=\"\/\/longweielec.com\/wp-content\/uploads\/2022\/09\/1663086457-e-series-small-benchtop-programmable-dc-power-supply-picture-3.jpg 800w, \/\/longweielec.com\/wp-content\/uploads\/2022\/09\/1663086457-e-series-small-benchtop-programmable-dc-power-supply-picture-3-300x300.jpg 300w, \/\/longweielec.com\/wp-content\/uploads\/2022\/09\/1663086457-e-series-small-benchtop-programmable-dc-power-supply-picture-3-100x100.jpg 100w, \/\/longweielec.com\/wp-content\/uploads\/2022\/09\/1663086457-e-series-small-benchtop-programmable-dc-power-supply-picture-3-600x600.jpg 600w, \/\/longweielec.com\/wp-content\/uploads\/2022\/09\/1663086457-e-series-small-benchtop-programmable-dc-power-supply-picture-3-150x150.jpg 150w, \/\/longweielec.com\/wp-content\/uploads\/2022\/09\/1663086457-e-series-small-benchtop-programmable-dc-power-supply-picture-3-768x768.jpg 768w\" sizes=\"(max-width: 800px) 100vw, 800px\" \/>\t\t\t\t\t\t\t\t\t\t\t\t\t\t\t<\/div>\n\t\t\t\t<div class=\"elementor-element elementor-element-6455a0a elementor-widget elementor-widget-image\" data-id=\"6455a0a\" data-element_type=\"widget\" data-widget_type=\"image.default\">\n\t\t\t\t\t\t\t\t\t\t\t\t\t\t\t<img loading=\"lazy\" decoding=\"async\" width=\"800\" height=\"800\" src=\"https:\/\/longweielec.com\/wp-content\/uploads\/2022\/09\/1663086471-e-series-small-benchtop-programmable-dc-power-supply-picture-4.jpg\" class=\"attachment-full size-full wp-image-838\" alt=\"\" srcset=\"\/\/longweielec.com\/wp-content\/uploads\/2022\/09\/1663086471-e-series-small-benchtop-programmable-dc-power-supply-picture-4.jpg 800w, \/\/longweielec.com\/wp-content\/uploads\/2022\/09\/1663086471-e-series-small-benchtop-programmable-dc-power-supply-picture-4-300x300.jpg 300w, \/\/longweielec.com\/wp-content\/uploads\/2022\/09\/1663086471-e-series-small-benchtop-programmable-dc-power-supply-picture-4-100x100.jpg 100w, \/\/longweielec.com\/wp-content\/uploads\/2022\/09\/1663086471-e-series-small-benchtop-programmable-dc-power-supply-picture-4-600x600.jpg 600w, \/\/longweielec.com\/wp-content\/uploads\/2022\/09\/1663086471-e-series-small-benchtop-programmable-dc-power-supply-picture-4-150x150.jpg 150w, \/\/longweielec.com\/wp-content\/uploads\/2022\/09\/1663086471-e-series-small-benchtop-programmable-dc-power-supply-picture-4-768x768.jpg 768w\" sizes=\"(max-width: 800px) 100vw, 800px\" \/>\t\t\t\t\t\t\t\t\t\t\t\t\t\t\t<\/div>\n\t\t\t\t<div class=\"elementor-element elementor-element-785887cc elementor-widget elementor-widget-image\" data-id=\"785887cc\" data-element_type=\"widget\" data-widget_type=\"image.default\">\n\t\t\t\t\t\t\t\t\t\t\t\t\t\t\t<img loading=\"lazy\" decoding=\"async\" width=\"800\" height=\"800\" src=\"https:\/\/longweielec.com\/wp-content\/uploads\/2022\/09\/1663086515-e-series-small-benchtop-programmable-dc-power-supply-picture-5.jpg\" class=\"attachment-full size-full wp-image-839\" alt=\"\" srcset=\"\/\/longweielec.com\/wp-content\/uploads\/2022\/09\/1663086515-e-series-small-benchtop-programmable-dc-power-supply-picture-5.jpg 800w, \/\/longweielec.com\/wp-content\/uploads\/2022\/09\/1663086515-e-series-small-benchtop-programmable-dc-power-supply-picture-5-300x300.jpg 300w, \/\/longweielec.com\/wp-content\/uploads\/2022\/09\/1663086515-e-series-small-benchtop-programmable-dc-power-supply-picture-5-100x100.jpg 100w, \/\/longweielec.com\/wp-content\/uploads\/2022\/09\/1663086515-e-series-small-benchtop-programmable-dc-power-supply-picture-5-600x600.jpg 600w, \/\/longweielec.com\/wp-content\/uploads\/2022\/09\/1663086515-e-series-small-benchtop-programmable-dc-power-supply-picture-5-150x150.jpg 150w, \/\/longweielec.com\/wp-content\/uploads\/2022\/09\/1663086515-e-series-small-benchtop-programmable-dc-power-supply-picture-5-768x768.jpg 768w\" sizes=\"(max-width: 800px) 100vw, 800px\" \/>\t\t\t\t\t\t\t\t\t\t\t\t\t\t\t<\/div>\n\t\t\t\t<div class=\"elementor-element elementor-element-ba0345e elementor-widget elementor-widget-image\" data-id=\"ba0345e\" data-element_type=\"widget\" data-widget_type=\"image.default\">\n\t\t\t\t\t\t\t\t\t\t\t\t\t\t\t<img loading=\"lazy\" decoding=\"async\" width=\"800\" height=\"800\" src=\"https:\/\/longweielec.com\/wp-content\/uploads\/2022\/09\/1663086553-e-series-small-benchtop-programmable-dc-power-supply-picture-6.jpg\" class=\"attachment-large size-large wp-image-840\" alt=\"\" srcset=\"\/\/longweielec.com\/wp-content\/uploads\/2022\/09\/1663086553-e-series-small-benchtop-programmable-dc-power-supply-picture-6.jpg 800w, \/\/longweielec.com\/wp-content\/uploads\/2022\/09\/1663086553-e-series-small-benchtop-programmable-dc-power-supply-picture-6-300x300.jpg 300w, \/\/longweielec.com\/wp-content\/uploads\/2022\/09\/1663086553-e-series-small-benchtop-programmable-dc-power-supply-picture-6-100x100.jpg 100w, \/\/longweielec.com\/wp-content\/uploads\/2022\/09\/1663086553-e-series-small-benchtop-programmable-dc-power-supply-picture-6-600x600.jpg 600w, \/\/longweielec.com\/wp-content\/uploads\/2022\/09\/1663086553-e-series-small-benchtop-programmable-dc-power-supply-picture-6-150x150.jpg 150w, \/\/longweielec.com\/wp-content\/uploads\/2022\/09\/1663086553-e-series-small-benchtop-programmable-dc-power-supply-picture-6-768x768.jpg 768w\" sizes=\"(max-width: 800px) 100vw, 800px\" \/>\t\t\t\t\t\t\t\t\t\t\t\t\t\t\t<\/div>\n\t\t\t\t<div class=\"elementor-element elementor-element-7b323774 elementor-widget elementor-widget-image\" data-id=\"7b323774\" data-element_type=\"widget\" data-widget_type=\"image.default\">\n\t\t\t\t\t\t\t\t\t\t\t\t\t\t\t<img loading=\"lazy\" decoding=\"async\" width=\"800\" height=\"800\" src=\"https:\/\/longweielec.com\/wp-content\/uploads\/2022\/09\/1663086577-e-series-small-benchtop-programmable-dc-power-supply-picture-7.jpg\" class=\"attachment-full size-full wp-image-841\" alt=\"\" srcset=\"\/\/longweielec.com\/wp-content\/uploads\/2022\/09\/1663086577-e-series-small-benchtop-programmable-dc-power-supply-picture-7.jpg 800w, \/\/longweielec.com\/wp-content\/uploads\/2022\/09\/1663086577-e-series-small-benchtop-programmable-dc-power-supply-picture-7-300x300.jpg 300w, \/\/longweielec.com\/wp-content\/uploads\/2022\/09\/1663086577-e-series-small-benchtop-programmable-dc-power-supply-picture-7-100x100.jpg 100w, \/\/longweielec.com\/wp-content\/uploads\/2022\/09\/1663086577-e-series-small-benchtop-programmable-dc-power-supply-picture-7-600x600.jpg 600w, \/\/longweielec.com\/wp-content\/uploads\/2022\/09\/1663086577-e-series-small-benchtop-programmable-dc-power-supply-picture-7-150x150.jpg 150w, \/\/longweielec.com\/wp-content\/uploads\/2022\/09\/1663086577-e-series-small-benchtop-programmable-dc-power-supply-picture-7-768x768.jpg 768w\" sizes=\"(max-width: 800px) 100vw, 800px\" \/>\t\t\t\t\t\t\t\t\t\t\t\t\t\t\t<\/div>\n\t\t\t\t<div class=\"elementor-element elementor-element-782b5dcf elementor-widget elementor-widget-image\" data-id=\"782b5dcf\" data-element_type=\"widget\" data-widget_type=\"image.default\">\n\t\t\t\t\t\t\t\t\t\t\t\t\t\t\t<img loading=\"lazy\" decoding=\"async\" width=\"800\" height=\"800\" src=\"https:\/\/longweielec.com\/wp-content\/uploads\/2022\/09\/1663086608-e-series-small-benchtop-programmable-dc-power-supply-picture-8.jpg\" class=\"attachment-full size-full wp-image-842\" alt=\"\" srcset=\"\/\/longweielec.com\/wp-content\/uploads\/2022\/09\/1663086608-e-series-small-benchtop-programmable-dc-power-supply-picture-8.jpg 800w, \/\/longweielec.com\/wp-content\/uploads\/2022\/09\/1663086608-e-series-small-benchtop-programmable-dc-power-supply-picture-8-300x300.jpg 300w, \/\/longweielec.com\/wp-content\/uploads\/2022\/09\/1663086608-e-series-small-benchtop-programmable-dc-power-supply-picture-8-100x100.jpg 100w, \/\/longweielec.com\/wp-content\/uploads\/2022\/09\/1663086608-e-series-small-benchtop-programmable-dc-power-supply-picture-8-600x600.jpg 600w, \/\/longweielec.com\/wp-content\/uploads\/2022\/09\/1663086608-e-series-small-benchtop-programmable-dc-power-supply-picture-8-150x150.jpg 150w, \/\/longweielec.com\/wp-content\/uploads\/2022\/09\/1663086608-e-series-small-benchtop-programmable-dc-power-supply-picture-8-768x768.jpg 768w\" sizes=\"(max-width: 800px) 100vw, 800px\" \/>\t\t\t\t\t\t\t\t\t\t\t\t\t\t\t<\/div>\n\t\t\t\t<div class=\"elementor-element elementor-element-287d66b9 elementor-widget elementor-widget-image\" data-id=\"287d66b9\" data-element_type=\"widget\" data-widget_type=\"image.default\">\n\t\t\t\t\t\t\t\t\t\t\t\t\t\t\t<img loading=\"lazy\" decoding=\"async\" width=\"800\" height=\"800\" src=\"https:\/\/longweielec.com\/wp-content\/uploads\/2022\/09\/1663086623-e-series-small-benchtop-programmable-dc-power-supply-picture-9.jpg\" class=\"attachment-full size-full wp-image-843\" alt=\"\" srcset=\"\/\/longweielec.com\/wp-content\/uploads\/2022\/09\/1663086623-e-series-small-benchtop-programmable-dc-power-supply-picture-9.jpg 800w, \/\/longweielec.com\/wp-content\/uploads\/2022\/09\/1663086623-e-series-small-benchtop-programmable-dc-power-supply-picture-9-300x300.jpg 300w, \/\/longweielec.com\/wp-content\/uploads\/2022\/09\/1663086623-e-series-small-benchtop-programmable-dc-power-supply-picture-9-100x100.jpg 100w, \/\/longweielec.com\/wp-content\/uploads\/2022\/09\/1663086623-e-series-small-benchtop-programmable-dc-power-supply-picture-9-600x600.jpg 600w, \/\/longweielec.com\/wp-content\/uploads\/2022\/09\/1663086623-e-series-small-benchtop-programmable-dc-power-supply-picture-9-150x150.jpg 150w, \/\/longweielec.com\/wp-content\/uploads\/2022\/09\/1663086623-e-series-small-benchtop-programmable-dc-power-supply-picture-9-768x768.jpg 768w\" sizes=\"(max-width: 800px) 100vw, 800px\" \/>\t\t\t\t\t\t\t\t\t\t\t\t\t\t\t<\/div>\n\t\t\t\t<div class=\"elementor-element elementor-element-7476fa5d elementor-widget elementor-widget-image\" data-id=\"7476fa5d\" data-element_type=\"widget\" data-widget_type=\"image.default\">\n\t\t\t\t\t\t\t\t\t\t\t\t\t\t\t<img loading=\"lazy\" decoding=\"async\" width=\"800\" height=\"1600\" src=\"https:\/\/longweielec.com\/wp-content\/uploads\/2022\/09\/1663086648-e-series-small-benchtop-programmable-dc-power-supply-picture-10.jpg\" class=\"attachment-full size-full wp-image-844\" alt=\"\" srcset=\"\/\/longweielec.com\/wp-content\/uploads\/2022\/09\/1663086648-e-series-small-benchtop-programmable-dc-power-supply-picture-10.jpg 800w, \/\/longweielec.com\/wp-content\/uploads\/2022\/09\/1663086648-e-series-small-benchtop-programmable-dc-power-supply-picture-10-600x1200.jpg 600w, \/\/longweielec.com\/wp-content\/uploads\/2022\/09\/1663086648-e-series-small-benchtop-programmable-dc-power-supply-picture-10-150x300.jpg 150w, \/\/longweielec.com\/wp-content\/uploads\/2022\/09\/1663086648-e-series-small-benchtop-programmable-dc-power-supply-picture-10-512x1024.jpg 512w, \/\/longweielec.com\/wp-content\/uploads\/2022\/09\/1663086648-e-series-small-benchtop-programmable-dc-power-supply-picture-10-768x1536.jpg 768w\" sizes=\"(max-width: 800px) 100vw, 800px\" \/>\t\t\t\t\t\t\t\t\t\t\t\t\t\t\t<\/div>\n\t\t\t\t\t<\/div>\n\t\t<\/div>\n\t\t\t\t\t<\/div>\n\t\t<\/section>\n\t\t\t\t<\/div>","protected":false},"excerpt":{"rendered":"<ul>\n<li><strong>Tela de alta precis\u00e3o<\/strong>: O display LED de quatro d\u00edgitos mostra as leituras de corrente, tens\u00e3o e pot\u00eancia de forma clara e intuitiva.<\/li>\n<li><strong>Interface RS485<\/strong>: Suporta o protocolo de comunica\u00e7\u00e3o MODBUS para facilitar a integra\u00e7\u00e3o e o monitoramento remoto.<\/li>\n<li><strong>Tecnologia de controle de MCU<\/strong>: A tecnologia avan\u00e7ada do microcontrolador garante uma sa\u00edda precisa e uma funcionalidade vers\u00e1til.<\/li>\n<li><strong>Ajuste de passos com chave codificadora<\/strong>: Ajuste fino das configura\u00e7\u00f5es de tens\u00e3o e corrente para maior precis\u00e3o e flexibilidade.<\/li>\n<li><strong>Recursos de armazenamento<\/strong>: Armazene e recupere at\u00e9 4 conjuntos de configura\u00e7\u00f5es de tens\u00e3o e corrente para sua conveni\u00eancia.<\/li>\n<li><strong>Bot\u00e3o LOCK dedicado<\/strong>: Evita ajustes acidentais e garante uma opera\u00e7\u00e3o segura durante o uso.<\/li>\n<li><strong>Recursos abrangentes de prote\u00e7\u00e3o<\/strong>: Inclui prote\u00e7\u00f5es contra sobretens\u00e3o (OVP), sobretemperatura (OTP), sobrecarga (OPP) e sobrecorrente (OCP) para um desempenho confi\u00e1vel.<\/li>\n<\/ul>","protected":false},"featured_media":826,"template":"","meta":[],"product_brand":[],"product_cat":[26],"product_tag":[79],"class_list":{"0":"post-823","1":"product","2":"type-product","3":"status-publish","4":"has-post-thumbnail","6":"product_cat-programmable-dc-power-supply","7":"product_tag-small-programmable-dc","9":"first","10":"instock","11":"shipping-taxable","12":"product-type-variable","13":"has-default-attributes"},"_links":{"self":[{"href":"https:\/\/longweielec.com\/pt\/wp-json\/wp\/v2\/product\/823","targetHints":{"allow":["GET"]}}],"collection":[{"href":"https:\/\/longweielec.com\/pt\/wp-json\/wp\/v2\/product"}],"about":[{"href":"https:\/\/longweielec.com\/pt\/wp-json\/wp\/v2\/types\/product"}],"wp:featuredmedia":[{"embeddable":true,"href":"https:\/\/longweielec.com\/pt\/wp-json\/wp\/v2\/media\/826"}],"wp:attachment":[{"href":"https:\/\/longweielec.com\/pt\/wp-json\/wp\/v2\/media?parent=823"}],"wp:term":[{"taxonomy":"product_brand","embeddable":true,"href":"https:\/\/longweielec.com\/pt\/wp-json\/wp\/v2\/product_brand?post=823"},{"taxonomy":"product_cat","embeddable":true,"href":"https:\/\/longweielec.com\/pt\/wp-json\/wp\/v2\/product_cat?post=823"},{"taxonomy":"product_tag","embeddable":true,"href":"https:\/\/longweielec.com\/pt\/wp-json\/wp\/v2\/product_tag?post=823"}],"curies":[{"name":"wp","href":"https:\/\/api.w.org\/{rel}","templated":true}]}}